{"id":15880,"date":"2021-06-17T09:31:24","date_gmt":"2021-06-17T06:31:24","guid":{"rendered":"http:\/\/4vultures.org\/?page_id=15880"},"modified":"2026-02-16T14:41:28","modified_gmt":"2026-02-16T12:41:28","slug":"uros-pantovic","status":"publish","type":"page","link":"https:\/\/4vultures.org\/es\/about-us\/meet-the-team\/uros-pantovic\/","title":{"rendered":"Uro\u0161 Pantovi\u0107"},"content":{"rendered":"<div data-elementor-type=\"wp-page\" data-elementor-id=\"15880\" class=\"elementor elementor-15880\" data-elementor-post-type=\"page\">\n\t\t\t\t\t\t<section class=\"elementor-section elementor-top-section elementor-element elementor-element-e0d8530 elementor-section-height-min-height elementor-section-boxed elementor-section-height-default elementor-section-items-middle\" data-id=\"e0d8530\" data-element_type=\"section\" data-e-type=\"section\" data-settings=\"{&quot;background_background&quot;:&quot;classic&quot;}\">\n\t\t\t\t\t\t\t<div class=\"elementor-background-overlay\"><\/div>\n\t\t\t\t\t\t\t<div class=\"elementor-container elementor-column-gap-no\">\n\t\t\t\t\t<div class=\"elementor-column elementor-col-100 elementor-top-column elementor-element elementor-element-bda57be\" data-id=\"bda57be\" data-element_type=\"column\" data-e-type=\"column\">\n\t\t\t<div class=\"elementor-widget-wrap elementor-element-populated\">\n\t\t\t\t\t\t<div class=\"elementor-element elementor-element-a579d3f animated-slow elementor-invisible elementor-widget elementor-widget-heading\" data-id=\"a579d3f\" data-element_type=\"widget\" data-e-type=\"widget\" data-settings=\"{&quot;_animation&quot;:&quot;fadeInDown&quot;}\" data-widget_type=\"heading.default\">\n\t\t\t\t<div class=\"elementor-widget-container\">\n\t\t\t\t\t<h1 class=\"elementor-heading-title elementor-size-default\">MEET THE TEAM<\/h1>\t\t\t\t<\/div>\n\t\t\t\t<\/div>\n\t\t\t\t<div class=\"elementor-element elementor-element-73420cd elementor-widget elementor-widget-heading\" data-id=\"73420cd\" data-element_type=\"widget\" data-e-type=\"widget\" data-widget_type=\"heading.default\">\n\t\t\t\t<div class=\"elementor-widget-container\">\n\t\t\t\t\t<h4 class=\"elementor-heading-title elementor-size-default\">Who We Are<\/h4>\t\t\t\t<\/div>\n\t\t\t\t<\/div>\n\t\t\t\t<div class=\"elementor-element elementor-element-4a01c13 ee-breadcrumbs-align-center elementor-widget elementor-widget-ee-breadcrumbs\" data-id=\"4a01c13\" data-element_type=\"widget\" data-e-type=\"widget\" data-widget_type=\"ee-breadcrumbs.default\">\n\t\t\t\t<div class=\"elementor-widget-container\">\n\t\t\t\t\t<ul class=\"ee-breadcrumbs\" itemscope=\"\" itemtype=\"http:\/\/schema.org\/BreadcrumbList\"><\/ul>\t\t\t\t<\/div>\n\t\t\t\t<\/div>\n\t\t\t\t\t<\/div>\n\t\t<\/div>\n\t\t\t\t\t<\/div>\n\t\t<\/section>\n\t\t\t\t<section class=\"elementor-section elementor-top-section elementor-element elementor-element-4cc8ad5 elementor-section-boxed elementor-section-height-default elementor-section-height-default\" data-id=\"4cc8ad5\" data-element_type=\"section\" data-e-type=\"section\">\n\t\t\t\t\t\t<div class=\"elementor-container elementor-column-gap-no\">\n\t\t\t\t\t<div class=\"elementor-column elementor-col-100 elementor-top-column elementor-element elementor-element-ddac5f6\" data-id=\"ddac5f6\" data-element_type=\"column\" data-e-type=\"column\">\n\t\t\t<div class=\"elementor-widget-wrap elementor-element-populated\">\n\t\t\t\t\t\t<div class=\"elementor-element elementor-element-4f31c19 elementor-position-left elementor-vertical-align-top elementor-widget elementor-widget-image-box\" data-id=\"4f31c19\" data-element_type=\"widget\" data-e-type=\"widget\" data-widget_type=\"image-box.default\">\n\t\t\t\t<div class=\"elementor-widget-container\">\n\t\t\t\t\t<div class=\"elementor-image-box-wrapper\"><figure class=\"elementor-image-box-img\"><img fetchpriority=\"high\" decoding=\"async\" width=\"600\" height=\"600\" src=\"https:\/\/4vultures.org\/wp-content\/uploads\/2021\/03\/1544028220-600x600-1.jpg\" class=\"elementor-animation-float attachment-full size-full wp-image-2654\" alt=\"\" srcset=\"https:\/\/4vultures.org\/wp-content\/uploads\/2021\/03\/1544028220-600x600-1.jpg 600w, https:\/\/4vultures.org\/wp-content\/uploads\/2021\/03\/1544028220-600x600-1-300x300.jpg 300w, https:\/\/4vultures.org\/wp-content\/uploads\/2021\/03\/1544028220-600x600-1-150x150.jpg 150w\" sizes=\"(max-width: 600px) 100vw, 600px\" \/><\/figure><div class=\"elementor-image-box-content\"><h4 class=\"elementor-image-box-title\">URO\u0160 PANTOVI\u0106<\/h4><p class=\"elementor-image-box-description\"><i>\nBalkan Detox LIFE and LIFE Balkan GriffON Coordinator \n<\/i>\n\n<br><br>\n\nUro\u0161 Pantovi\u0107 is a Serbian biologist, whose fascination and interest for birds has followed him since\nhigh-school and finally throughout his studies in Belgrade and Novi Sad. Following his interest in\nbirds, Uro\u0161 volunteered in the Black Vulture Conservation Foundation in Mallorca for several months,\nwhere he got his first opportunity to experience vulture conservation and practical work with\nvultures, which have fascinated him ever since. Through his close association with BirdLife Serbia,\nUro\u0161 gained experience relevant to conservation of various groups of birds and in dealing with bird\ncrime issues, such as poaching and poisoning. \nUro\u0161 is working on improving the situation with vultures and wildlife poisoning\t\nin the Balkan region,\nfirstly through the Balkan Anti-Poisoning Project (BAPP), and currently through the BalkanDetox LIFE\nproject. Uro\u0161 joined VCF in 2018 and is keen on contributing to VCF\u2019s overall mission to protect and\nconserve vultures across Europe. <\/p><\/div><\/div>\t\t\t\t<\/div>\n\t\t\t\t<\/div>\n\t\t\t\t\t<\/div>\n\t\t<\/div>\n\t\t\t\t\t<\/div>\n\t\t<\/section>\n\t\t\t\t<\/div>","protected":false},"excerpt":{"rendered":"<p>MEET THE TEAM Who We Are URO\u0160 PANTOVI\u0106 Balkan Detox LIFE and LIFE Balkan GriffON Coordinator Uro\u0161 Pantovi\u0107 is a Serbian biologist, whose fascination and interest for birds has followed him since high-school and finally throughout his studies in Belgrade and Novi Sad. Following his interest in birds, Uro\u0161 volunteered in the Black Vulture Conservation [&hellip;]<\/p>\n","protected":false},"author":1,"featured_media":0,"parent":2310,"menu_order":0,"comment_status":"closed","ping_status":"closed","template":"","meta":{"_uag_custom_page_level_css":"","site-sidebar-layout":"no-sidebar","site-content-layout":"page-builder","ast-site-content-layout":"default","site-content-style":"default","site-sidebar-style":"default","ast-global-header-display":"","ast-banner-title-visibility":"","ast-main-header-display":"","ast-hfb-above-header-display":"","ast-hfb-below-header-display":"","ast-hfb-mobile-header-display":"","site-post-title":"disabled","ast-breadcrumbs-content":"","ast-featured-img":"disabled","footer-sml-layout":"","ast-disable-related-posts":"","theme-transparent-header-meta":"default","adv-header-id-meta":"","stick-header-meta":"","header-above-stick-meta":"","header-main-stick-meta":"","header-below-stick-meta":"","astra-migrate-meta-layouts":"default","ast-page-background-enabled":"default","ast-page-background-meta":{"desktop":{"background-color":"","background-image":"","background-repeat":"repeat","background-position":"center center","background-size":"auto","background-attachment":"scroll","background-type":"","background-media":"","overlay-type":"","overlay-color":"","overlay-opacity":"","overlay-gradient":""},"tablet":{"background-color":"","background-image":"","background-repeat":"repeat","background-position":"center center","background-size":"auto","background-attachment":"scroll","background-type":"","background-media":"","overlay-type":"","overlay-color":"","overlay-opacity":"","overlay-gradient":""},"mobile":{"background-color":"","background-image":"","background-repeat":"repeat","background-position":"center center","background-size":"auto","background-attachment":"scroll","background-type":"","background-media":"","overlay-type":"","overlay-color":"","overlay-opacity":"","overlay-gradient":""}},"ast-content-background-meta":{"desktop":{"background-color":"var(--ast-global-color-5)","background-image":"","background-repeat":"repeat","background-position":"center center","background-size":"auto","background-attachment":"scroll","background-type":"","background-media":"","overlay-type":"","overlay-color":"","overlay-opacity":"","overlay-gradient":""},"tablet":{"background-color":"var(--ast-global-color-5)","background-image":"","background-repeat":"repeat","background-position":"center center","background-size":"auto","background-attachment":"scroll","background-type":"","background-media":"","overlay-type":"","overlay-color":"","overlay-opacity":"","overlay-gradient":""},"mobile":{"background-color":"var(--ast-global-color-5)","background-image":"","background-repeat":"repeat","background-position":"center center","background-size":"auto","background-attachment":"scroll","background-type":"","background-media":"","overlay-type":"","overlay-color":"","overlay-opacity":"","overlay-gradient":""}},"footnotes":""},"class_list":["post-15880","page","type-page","status-publish","hentry"],"yoast_head":"<!-- This site is optimized with the Yoast SEO plugin v27.2 - https:\/\/yoast.com\/product\/yoast-seo-wordpress\/ -->\n<title>Uro\u0161 Pantovi\u0107 - Vulture Conservation Foundation<\/title>\n<meta name=\"robots\" content=\"index, follow, max-snippet:-1, max-image-preview:large, max-video-preview:-1\" \/>\n<link rel=\"canonical\" href=\"https:\/\/4vultures.org\/es\/about-us\/meet-the-team\/uros-pantovic\/\" \/>\n<meta property=\"og:locale\" content=\"es_ES\" \/>\n<meta property=\"og:type\" content=\"article\" \/>\n<meta property=\"og:title\" content=\"Uro\u0161 Pantovi\u0107 - Vulture Conservation Foundation\" \/>\n<meta property=\"og:description\" content=\"MEET THE TEAM Who We Are URO\u0160 PANTOVI\u0106 Balkan Detox LIFE and LIFE Balkan GriffON Coordinator Uro\u0161 Pantovi\u0107 is a Serbian biologist, whose fascination and interest for birds has followed him since high-school and finally throughout his studies in Belgrade and Novi Sad. Following his interest in birds, Uro\u0161 volunteered in the Black Vulture Conservation [&hellip;]\" \/>\n<meta property=\"og:url\" content=\"https:\/\/4vultures.org\/es\/about-us\/meet-the-team\/uros-pantovic\/\" \/>\n<meta property=\"og:site_name\" content=\"Vulture Conservation Foundation\" \/>\n<meta property=\"article:modified_time\" content=\"2026-02-16T12:41:28+00:00\" \/>\n<meta property=\"og:image\" content=\"https:\/\/4vultures.org\/wp-content\/uploads\/2021\/03\/1544028220-600x600-1.jpg\" \/>\n\t<meta property=\"og:image:width\" content=\"600\" \/>\n\t<meta property=\"og:image:height\" content=\"600\" \/>\n\t<meta property=\"og:image:type\" content=\"image\/jpeg\" \/>\n<meta name=\"twitter:card\" content=\"summary_large_image\" \/>\n<meta name=\"twitter:label1\" content=\"Tiempo de lectura\" \/>\n\t<meta name=\"twitter:data1\" content=\"1 minuto\" \/>\n<script type=\"application\/ld+json\" class=\"yoast-schema-graph\">{\"@context\":\"https:\/\/schema.org\",\"@graph\":[{\"@type\":\"WebPage\",\"@id\":\"https:\/\/4vultures.org\/about-us\/meet-the-team\/uros-pantovic\/\",\"url\":\"https:\/\/4vultures.org\/about-us\/meet-the-team\/uros-pantovic\/\",\"name\":\"Uro\u0161 Pantovi\u0107 - Vulture Conservation Foundation\",\"isPartOf\":{\"@id\":\"https:\/\/4vultures.org\/#website\"},\"primaryImageOfPage\":{\"@id\":\"https:\/\/4vultures.org\/about-us\/meet-the-team\/uros-pantovic\/#primaryimage\"},\"image\":{\"@id\":\"https:\/\/4vultures.org\/about-us\/meet-the-team\/uros-pantovic\/#primaryimage\"},\"thumbnailUrl\":\"http:\/\/4vultures.org\/wp-content\/uploads\/2021\/03\/1544028220-600x600-1.jpg\",\"datePublished\":\"2021-06-17T06:31:24+00:00\",\"dateModified\":\"2026-02-16T12:41:28+00:00\",\"breadcrumb\":{\"@id\":\"https:\/\/4vultures.org\/about-us\/meet-the-team\/uros-pantovic\/#breadcrumb\"},\"inLanguage\":\"es\",\"potentialAction\":[{\"@type\":\"ReadAction\",\"target\":[\"https:\/\/4vultures.org\/about-us\/meet-the-team\/uros-pantovic\/\"]}]},{\"@type\":\"ImageObject\",\"inLanguage\":\"es\",\"@id\":\"https:\/\/4vultures.org\/about-us\/meet-the-team\/uros-pantovic\/#primaryimage\",\"url\":\"http:\/\/4vultures.org\/wp-content\/uploads\/2021\/03\/1544028220-600x600-1.jpg\",\"contentUrl\":\"http:\/\/4vultures.org\/wp-content\/uploads\/2021\/03\/1544028220-600x600-1.jpg\"},{\"@type\":\"BreadcrumbList\",\"@id\":\"https:\/\/4vultures.org\/about-us\/meet-the-team\/uros-pantovic\/#breadcrumb\",\"itemListElement\":[{\"@type\":\"ListItem\",\"position\":1,\"name\":\"Home\",\"item\":\"https:\/\/4vultures.org\/\"},{\"@type\":\"ListItem\",\"position\":2,\"name\":\"About us\",\"item\":\"https:\/\/4vultures.org\/about-us\/\"},{\"@type\":\"ListItem\",\"position\":3,\"name\":\"Meet the Team\",\"item\":\"https:\/\/4vultures.org\/about-us\/meet-the-team\/\"},{\"@type\":\"ListItem\",\"position\":4,\"name\":\"Uro\u0161 Pantovi\u0107\"}]},{\"@type\":\"WebSite\",\"@id\":\"https:\/\/4vultures.org\/#website\",\"url\":\"https:\/\/4vultures.org\/\",\"name\":\"Vulture Conservation Foundation\",\"description\":\"\",\"publisher\":{\"@id\":\"https:\/\/4vultures.org\/#organization\"},\"potentialAction\":[{\"@type\":\"SearchAction\",\"target\":{\"@type\":\"EntryPoint\",\"urlTemplate\":\"https:\/\/4vultures.org\/?s={search_term_string}\"},\"query-input\":{\"@type\":\"PropertyValueSpecification\",\"valueRequired\":true,\"valueName\":\"search_term_string\"}}],\"inLanguage\":\"es\"},{\"@type\":\"Organization\",\"@id\":\"https:\/\/4vultures.org\/#organization\",\"name\":\"Vulture Conservation Foundation\",\"url\":\"https:\/\/4vultures.org\/\",\"logo\":{\"@type\":\"ImageObject\",\"inLanguage\":\"es\",\"@id\":\"https:\/\/4vultures.org\/#\/schema\/logo\/image\/\",\"url\":\"https:\/\/4vultures.org\/wp-content\/uploads\/2021\/07\/logo.svg\",\"contentUrl\":\"https:\/\/4vultures.org\/wp-content\/uploads\/2021\/07\/logo.svg\",\"width\":522.503,\"height\":154.297,\"caption\":\"Vulture Conservation Foundation\"},\"image\":{\"@id\":\"https:\/\/4vultures.org\/#\/schema\/logo\/image\/\"}}]}<\/script>\n<!-- \/ Yoast SEO plugin. -->","yoast_head_json":{"title":"Uro\u0161 Pantovi\u0107 - Vulture Conservation Foundation","robots":{"index":"index","follow":"follow","max-snippet":"max-snippet:-1","max-image-preview":"max-image-preview:large","max-video-preview":"max-video-preview:-1"},"canonical":"https:\/\/4vultures.org\/es\/about-us\/meet-the-team\/uros-pantovic\/","og_locale":"es_ES","og_type":"article","og_title":"Uro\u0161 Pantovi\u0107 - Vulture Conservation Foundation","og_description":"MEET THE TEAM Who We Are URO\u0160 PANTOVI\u0106 Balkan Detox LIFE and LIFE Balkan GriffON Coordinator Uro\u0161 Pantovi\u0107 is a Serbian biologist, whose fascination and interest for birds has followed him since high-school and finally throughout his studies in Belgrade and Novi Sad. Following his interest in birds, Uro\u0161 volunteered in the Black Vulture Conservation [&hellip;]","og_url":"https:\/\/4vultures.org\/es\/about-us\/meet-the-team\/uros-pantovic\/","og_site_name":"Vulture Conservation Foundation","article_modified_time":"2026-02-16T12:41:28+00:00","og_image":[{"width":600,"height":600,"url":"https:\/\/4vultures.org\/wp-content\/uploads\/2021\/03\/1544028220-600x600-1.jpg","type":"image\/jpeg"}],"twitter_card":"summary_large_image","twitter_misc":{"Tiempo de lectura":"1 minuto"},"schema":{"@context":"https:\/\/schema.org","@graph":[{"@type":"WebPage","@id":"https:\/\/4vultures.org\/about-us\/meet-the-team\/uros-pantovic\/","url":"https:\/\/4vultures.org\/about-us\/meet-the-team\/uros-pantovic\/","name":"Uro\u0161 Pantovi\u0107 - Vulture Conservation Foundation","isPartOf":{"@id":"https:\/\/4vultures.org\/#website"},"primaryImageOfPage":{"@id":"https:\/\/4vultures.org\/about-us\/meet-the-team\/uros-pantovic\/#primaryimage"},"image":{"@id":"https:\/\/4vultures.org\/about-us\/meet-the-team\/uros-pantovic\/#primaryimage"},"thumbnailUrl":"http:\/\/4vultures.org\/wp-content\/uploads\/2021\/03\/1544028220-600x600-1.jpg","datePublished":"2021-06-17T06:31:24+00:00","dateModified":"2026-02-16T12:41:28+00:00","breadcrumb":{"@id":"https:\/\/4vultures.org\/about-us\/meet-the-team\/uros-pantovic\/#breadcrumb"},"inLanguage":"es","potentialAction":[{"@type":"ReadAction","target":["https:\/\/4vultures.org\/about-us\/meet-the-team\/uros-pantovic\/"]}]},{"@type":"ImageObject","inLanguage":"es","@id":"https:\/\/4vultures.org\/about-us\/meet-the-team\/uros-pantovic\/#primaryimage","url":"http:\/\/4vultures.org\/wp-content\/uploads\/2021\/03\/1544028220-600x600-1.jpg","contentUrl":"http:\/\/4vultures.org\/wp-content\/uploads\/2021\/03\/1544028220-600x600-1.jpg"},{"@type":"BreadcrumbList","@id":"https:\/\/4vultures.org\/about-us\/meet-the-team\/uros-pantovic\/#breadcrumb","itemListElement":[{"@type":"ListItem","position":1,"name":"Home","item":"https:\/\/4vultures.org\/"},{"@type":"ListItem","position":2,"name":"About us","item":"https:\/\/4vultures.org\/about-us\/"},{"@type":"ListItem","position":3,"name":"Meet the Team","item":"https:\/\/4vultures.org\/about-us\/meet-the-team\/"},{"@type":"ListItem","position":4,"name":"Uro\u0161 Pantovi\u0107"}]},{"@type":"WebSite","@id":"https:\/\/4vultures.org\/#website","url":"https:\/\/4vultures.org\/","name":"Vulture Conservation Foundation","description":"","publisher":{"@id":"https:\/\/4vultures.org\/#organization"},"potentialAction":[{"@type":"SearchAction","target":{"@type":"EntryPoint","urlTemplate":"https:\/\/4vultures.org\/?s={search_term_string}"},"query-input":{"@type":"PropertyValueSpecification","valueRequired":true,"valueName":"search_term_string"}}],"inLanguage":"es"},{"@type":"Organization","@id":"https:\/\/4vultures.org\/#organization","name":"Vulture Conservation Foundation","url":"https:\/\/4vultures.org\/","logo":{"@type":"ImageObject","inLanguage":"es","@id":"https:\/\/4vultures.org\/#\/schema\/logo\/image\/","url":"https:\/\/4vultures.org\/wp-content\/uploads\/2021\/07\/logo.svg","contentUrl":"https:\/\/4vultures.org\/wp-content\/uploads\/2021\/07\/logo.svg","width":522.503,"height":154.297,"caption":"Vulture Conservation Foundation"},"image":{"@id":"https:\/\/4vultures.org\/#\/schema\/logo\/image\/"}}]}},"uagb_featured_image_src":{"full":false,"thumbnail":false,"medium":false,"medium_large":false,"large":false,"1536x1536":false,"2048x2048":false,"trp-custom-language-flag":false},"uagb_author_info":{"display_name":"lbadmin","author_link":"https:\/\/4vultures.org\/es\/blog\/author\/lbadmin\/"},"uagb_comment_info":0,"uagb_excerpt":"MEET THE TEAM Who We Are URO\u0160 PANTOVI\u0106 Balkan Detox LIFE and LIFE Balkan GriffON Coordinator Uro\u0161 Pantovi\u0107 is a Serbian biologist, whose fascination and interest for birds has followed him since high-school and finally throughout his studies in Belgrade and Novi Sad. Following his interest in birds, Uro\u0161 volunteered in the Black Vulture Conservation&hellip;","_links":{"self":[{"href":"https:\/\/4vultures.org\/es\/wp-json\/wp\/v2\/pages\/15880","targetHints":{"allow":["GET"]}}],"collection":[{"href":"https:\/\/4vultures.org\/es\/wp-json\/wp\/v2\/pages"}],"about":[{"href":"https:\/\/4vultures.org\/es\/wp-json\/wp\/v2\/types\/page"}],"author":[{"embeddable":true,"href":"https:\/\/4vultures.org\/es\/wp-json\/wp\/v2\/users\/1"}],"replies":[{"embeddable":true,"href":"https:\/\/4vultures.org\/es\/wp-json\/wp\/v2\/comments?post=15880"}],"version-history":[{"count":8,"href":"https:\/\/4vultures.org\/es\/wp-json\/wp\/v2\/pages\/15880\/revisions"}],"predecessor-version":[{"id":41634,"href":"https:\/\/4vultures.org\/es\/wp-json\/wp\/v2\/pages\/15880\/revisions\/41634"}],"up":[{"embeddable":true,"href":"https:\/\/4vultures.org\/es\/wp-json\/wp\/v2\/pages\/2310"}],"wp:attachment":[{"href":"https:\/\/4vultures.org\/es\/wp-json\/wp\/v2\/media?parent=15880"}],"curies":[{"name":"wp","href":"https:\/\/api.w.org\/{rel}","templated":true}]}}