{"id":27801,"date":"2023-03-22T15:34:05","date_gmt":"2023-03-22T13:34:05","guid":{"rendered":"https:\/\/4vultures.org\/?page_id=27801"},"modified":"2026-01-08T21:22:01","modified_gmt":"2026-01-08T19:22:01","slug":"downloads-deliverables","status":"publish","type":"page","link":"https:\/\/4vultures.org\/es\/life-aegypius-return\/downloads-deliverables\/","title":{"rendered":"Descargas y entregables"},"content":{"rendered":"<h1>Descargas y entregables<\/h1>\n<p>Descarga y revisa entregables como informes cient\u00edficos y recursos importantes relacionados con las acciones del proyecto<\/p>\n<h4>Descargas y entregables<\/h4>\n<p>Descargas y entregables\n\nEl equipo de LIFE Aegypius Return cree en la transparencia y en compartir informaci\u00f3n con el p\u00fablico. Nos comprometemos a mantener informados a nuestros financiadores, colaboradores y seguidores sobre nuestras acciones y el progreso hacia el logro de los objetivos de nuestro proyecto. Como parte de este compromiso, compartimos los entregables y descargas del proyecto en nuestro sitio web, que incluyen informes, estudios, datos, material de comunicaci\u00f3n y otros recursos relevantes. Te invitamos a explorar los entregables de nuestro proyecto y compartirlos con otras personas que puedan estar interesadas en nuestro trabajo.<\/p>\n<h3 data-elementor-setting-key=\"infobox_title\" data-elementor-inline-editing-toolbar=\"basic\">Informes y Estudios<\/h3>\n<ul>\n<li><a href=\"http:\/\/4vultures.org\/wp-content\/uploads\/2025\/02\/RecomendacoesGestaoCAAN-LIFE-AegypiusReturn-FINAL.pdf\">Recomendaciones para la gesti\u00f3n de muladares dirigidos a los buitres negros (en portugu\u00e9s)\u00a0 \u00a0\u00a0<\/a><\/li>\n<li><a href=\"http:\/\/4vultures.org\/wp-content\/uploads\/2024\/08\/Deliverable-D2.1-HabitatSuitabilityStudy.pdf\">An\u00e1lisis de la idoneidad del h\u00e1bitat para el buitre negro en Portugal y el oeste de Espa\u00f1a (en ingl\u00e9s)\u00a0 \u00a0 \u00a0<\/a><\/li>\n<li><a href=\"http:\/\/4vultures.org\/wp-content\/uploads\/2024\/08\/Deliverable-D5.1-PoisoningCases-2024.pdf\">Report on poisoning cases detected within the LIFE Aegypius Return study area &#8211; 2024 (English)\u00a0<\/a><a href=\"http:\/\/4vultures.org\/wp-content\/uploads\/2024\/08\/Deliverable-D5.1-PoisonCases2024.pdf\" target=\"_blank\" rel=\"noopener\"> \u00a0 \u00a0 \u00a0<\/a><\/li>\n<li><a href=\"http:\/\/4vultures.org\/wp-content\/uploads\/2025\/02\/Deliverable-D4.1-DiagnosticoEstrategia.pdf\" target=\"_blank\" rel=\"noopener\">Diagn\u00f3stico y estrategia para aumentar la disponibilidad de alimento para el buitre negro (en portugu\u00e9s)<\/a><\/li>\n<li><a href=\"http:\/\/4vultures.org\/wp-content\/uploads\/2024\/12\/Report_Construction-of-the-acclimatization-cage_2024_VF-red.pdf\" target=\"_blank\" rel=\"noopener\">Informe sobre la construcci\u00f3n de la jaula de aclimataci\u00f3n (Ingl\u00e9s)<\/a><\/li>\n<li><a href=\"http:\/\/4vultures.org\/wp-content\/uploads\/2024\/12\/Report-SoftRelease-Movements-2023-min.pdf\" target=\"_blank\" rel=\"noopener\">Informe anual sobre soft release y los movimientos de buitres negros marcados. 2023 (Ingl\u00e9s)<\/a><\/li>\n<li><a href=\"http:\/\/4vultures.org\/wp-content\/uploads\/2025\/01\/Deliverable-D3.2-SoftRelease-Movements-2024.pdf\" target=\"_blank\" rel=\"noopener\">Informe anual sobre soft release y los movimientos de buitres negros marcados. 2024 (en ingl\u00e9s)<\/a><\/li>\n<li><a href=\"http:\/\/4vultures.org\/wp-content\/uploads\/2025\/05\/OE-PGHRRI_LIFE_AR_VF_com-Abstract.pdf\" target=\"_blank\" rel=\"noopener\">Guidelines to develop habitat management and fire risk reduction plans in Cinereous Vulture territories (In Portuguese)<\/a><\/li>\n<li><a href=\"http:\/\/4vultures.org\/wp-content\/uploads\/2025\/07\/LifeAegypiusReturn-EcosystemServicesReport.pdf\" target=\"_blank\" rel=\"noopener\">Quantification and valuation of ecosystem services provided by vultures in Portugal.<\/a><\/li>\n<li><a href=\"http:\/\/4vultures.org\/wp-content\/uploads\/2025\/09\/SpatialGuidelines-ProtectionCV-Windfarms.pdf\" target=\"_blank\" rel=\"noopener\">Spatial guidelines for safeguarding Cinereous Vulture colonies from wind farm expansion<\/a><\/li>\n<li>\n<div class=\"default-style\"><a href=\"http:\/\/4vultures.org\/wp-content\/uploads\/2025\/11\/EN-PostFire-EmergencyPlan-Douro-LIFE-Aegypius.pdf\" target=\"_blank\" rel=\"noopener\"><strong>Post Emergency plan and incident report &#8211; 2025 fires in Douro Internacional (English)<\/strong><\/a><\/div>\n<\/li>\n<li>\n<div class=\"default-style\"><a href=\"http:\/\/4vultures.org\/wp-content\/uploads\/2025\/11\/PT-Plano-emergencia-pos-incendio-PNDI-LIFE-Aegypius.pdf\" target=\"_blank\" rel=\"noopener\"><strong>Post Emergency plan and incident report &#8211; 2025 fires in Douro Internacional (Portuguese)\u00a0<\/strong><\/a><\/div>\n<\/li>\n<li><a href=\"http:\/\/4vultures.org\/wp-content\/uploads\/2026\/01\/DeliverableD3.3-SoftRelease-Movements-2025-1-1.pdf\" target=\"_blank\" rel=\"noopener\">Informe anual sobre soft release y los movimientos de buitres negros marcados. 2025 (en ingl\u00e9s)<\/a><\/li>\n<\/ul>\n<h3 data-elementor-setting-key=\"infobox_title\" data-elementor-inline-editing-toolbar=\"basic\">Protocolos<\/h3>\n<ul>\n<li><a href=\"http:\/\/4vultures.org\/wp-content\/uploads\/2024\/01\/1.ProtocoloResgateTransporte.pdf\" target=\"_blank\" rel=\"noopener\">Rescate y transporte de buitres negros (en portugu\u00e9s)\u00a0\u00a0<\/a><\/li>\n<li><a href=\"http:\/\/4vultures.org\/wp-content\/uploads\/2024\/01\/2.ProtocoloReabilitacaoLibertacao.pdf\" target=\"_blank\" rel=\"noopener\">Rehabilitaci\u00f3n y liberaci\u00f3n de buitres negros (en portugu\u00e9s)\u00a0\u00a0<\/a><\/li>\n<li><a style=\"font-size: 16px\" href=\"http:\/\/4vultures.org\/wp-content\/uploads\/2024\/01\/ProtocoloMonitorizacaoAEGYPIUS-FINAL.pdf\">Seguimiento de la reproducci\u00f3n del buitre negro (en portugu\u00e9s)<\/a><\/li>\n<li><a href=\"http:\/\/4vultures.org\/wp-content\/uploads\/2024\/07\/Protocol-for-collecting-bioligical-samples-from-Cinereous-Vultures-Portuguese.pdf\">Protocol for collecting biological samples from Cinereous Vultures (Portuguese)\u00a0\u00a0<\/a><\/li>\n<li><a href=\"http:\/\/4vultures.org\/wp-content\/uploads\/2024\/10\/3.1.Protocolo-RecolhaAmostras-GUIA-ILUSTRADO.pdf\">Protocol for collecting biological samples \u2013 Illustrated guide (Portuguese)<\/a><\/li>\n<li><a href=\"http:\/\/4vultures.org\/wp-content\/uploads\/2024\/07\/Protocol-for-managing-Cinereous-Vultures-in-acclimatization-for-soft-release-Portuguese.pdf\">Protocol for managing CV in acclimatization for soft release (Portuguese)<\/a><\/li>\n<\/ul>\n<h3 data-elementor-setting-key=\"infobox_title\" data-elementor-inline-editing-toolbar=\"basic\">Concienciaci\u00f3n y Educaci\u00f3n<\/h3>\n<ul>\n<li><a href=\"http:\/\/4vultures.org\/wp-content\/uploads\/2024\/11\/Flyer-ENG-min.pdf\" target=\"_blank\" rel=\"noopener\">Flyer &#8211; English\u00a0<\/a><\/li>\n<li><a href=\"http:\/\/4vultures.org\/wp-content\/uploads\/2024\/11\/Flyer-POR-min.pdf\">Flyer &#8211; Portuguese<br \/>\n<\/a><\/li>\n<li><a href=\"http:\/\/4vultures.org\/wp-content\/uploads\/2024\/11\/Flyer-ESP-min.pdf\" target=\"_blank\" rel=\"noopener\">Flyer &#8211; Spanish<\/a><\/li>\n<li><a href=\"https:\/\/youtu.be\/-E2T1ofVPIs?si=I7TC-EUzr4faeBXe\" target=\"_blank\" rel=\"noopener\">Animation video: The return of a giant &#8211; English<\/a><\/li>\n<li><a href=\"https:\/\/youtu.be\/xYZcLbbZYaM?si=cfFGf8wRUMB2SeoB\" target=\"_blank\" rel=\"noopener\">Animation video: The return of a giant &#8211; Portuguese<\/a><\/li>\n<li><a href=\"https:\/\/youtu.be\/hOtcATSEB9Q?si=whuWbHWDX5js8zjR\" target=\"_blank\" rel=\"noopener\">Animation video: The return of a giant &#8211; Spanish<\/a><\/li>\n<li><a href=\"https:\/\/www.youtube.com\/watch?v=jpISPiHew6A&amp;ab_channel=VultureConservationFoundation\" target=\"_blank\" rel=\"noopener\">Animation video: Securing the Cinereous Vultures future in Portugal and Western Spain &#8211; English<\/a><\/li>\n<li><a href=\"https:\/\/youtu.be\/W8ox66jpUl8?si=ffRTo1jAvByO3PtM\" target=\"_blank\" rel=\"noopener\">Animation video: Securing the Cinereous Vultures future in Portugal and Western Spain &#8211; Portuguese<\/a><\/li>\n<li><a href=\"https:\/\/youtu.be\/GW9QzMffsLo?si=uPyjnNddfp7X_YC0\" target=\"_blank\" rel=\"noopener\">Animation video: Securing the Cinereous Vultures future in Portugal and Western Spain &#8211; Spanish<\/a><\/li>\n<\/ul>\n<h3>Descubra c\u00f3mo estamos consolidando la poblaci\u00f3n vulnerable de buitre negro en Portugal<\/h3>\n<p><a href=\"https:\/\/4vultures.org\/es\/life-aegypius-return\/project\/actions\/\"><br \/>\nAcciones del proyecto <\/a><\/p>\n<h3>Mantente al tanto de los avances y resultados de las acciones de nuestro proyecto.<\/h3>\n<p><a href=\"https:\/\/4vultures.org\/es\/life-aegypius-return\/project\/progress-and-results\/\"><br \/>\nProgreso y resultados <\/a><\/p>","protected":false},"excerpt":{"rendered":"<p>Downloads and Deliverables Download and review deliverables like scientific reports and important resources relating to the project actions Downloads &amp; Deliverables The LIFE Aegypius Return team believes in transparency and sharing information with the public. We are committed to keeping our funders, collaborators and supporters informed about our actions and progress towards achieving our project [&hellip;]<\/p>\n","protected":false},"author":1,"featured_media":0,"parent":27781,"menu_order":0,"comment_status":"closed","ping_status":"closed","template":"","meta":{"_uag_custom_page_level_css":"","site-sidebar-layout":"no-sidebar","site-content-layout":"page-builder","ast-site-content-layout":"full-width-container","site-content-style":"unboxed","site-sidebar-style":"unboxed","ast-global-header-display":"","ast-banner-title-visibility":"","ast-main-header-display":"","ast-hfb-above-header-display":"","ast-hfb-below-header-display":"","ast-hfb-mobile-header-display":"","site-post-title":"disabled","ast-breadcrumbs-content":"","ast-featured-img":"disabled","footer-sml-layout":"","ast-disable-related-posts":"","theme-transparent-header-meta":"","adv-header-id-meta":"","stick-header-meta":"","header-above-stick-meta":"","header-main-stick-meta":"","header-below-stick-meta":"","astra-migrate-meta-layouts":"set","ast-page-background-enabled":"default","ast-page-background-meta":{"desktop":{"background-color":"","background-image":"","background-repeat":"repeat","background-position":"center center","background-size":"auto","background-attachment":"scroll","background-type":"","background-media":"","overlay-type":"","overlay-color":"","overlay-opacity":"","overlay-gradient":""},"tablet":{"background-color":"","background-image":"","background-repeat":"repeat","background-position":"center center","background-size":"auto","background-attachment":"scroll","background-type":"","background-media":"","overlay-type":"","overlay-color":"","overlay-opacity":"","overlay-gradient":""},"mobile":{"background-color":"","background-image":"","background-repeat":"repeat","background-position":"center center","background-size":"auto","background-attachment":"scroll","background-type":"","background-media":"","overlay-type":"","overlay-color":"","overlay-opacity":"","overlay-gradient":""}},"ast-content-background-meta":{"desktop":{"background-color":"var(--ast-global-color-5)","background-image":"","background-repeat":"repeat","background-position":"center center","background-size":"auto","background-attachment":"scroll","background-type":"","background-media":"","overlay-type":"","overlay-color":"","overlay-opacity":"","overlay-gradient":""},"tablet":{"background-color":"var(--ast-global-color-5)","background-image":"","background-repeat":"repeat","background-position":"center center","background-size":"auto","background-attachment":"scroll","background-type":"","background-media":"","overlay-type":"","overlay-color":"","overlay-opacity":"","overlay-gradient":""},"mobile":{"background-color":"var(--ast-global-color-5)","background-image":"","background-repeat":"repeat","background-position":"center center","background-size":"auto","background-attachment":"scroll","background-type":"","background-media":"","overlay-type":"","overlay-color":"","overlay-opacity":"","overlay-gradient":""}},"footnotes":""},"class_list":["post-27801","page","type-page","status-publish","hentry"],"yoast_head":"<!-- This site is optimized with the Yoast SEO plugin v27.2 - https:\/\/yoast.com\/product\/yoast-seo-wordpress\/ -->\n<title>Downloads &amp; Deliverables - Vulture Conservation Foundation<\/title>\n<meta name=\"robots\" content=\"index, follow, max-snippet:-1, max-image-preview:large, max-video-preview:-1\" \/>\n<link rel=\"canonical\" href=\"https:\/\/4vultures.org\/es\/life-aegypius-return\/downloads-deliverables\/\" \/>\n<meta property=\"og:locale\" content=\"es_ES\" \/>\n<meta property=\"og:type\" content=\"article\" \/>\n<meta property=\"og:title\" content=\"Downloads &amp; Deliverables - Vulture Conservation Foundation\" \/>\n<meta property=\"og:description\" content=\"Downloads and Deliverables Download and review deliverables like scientific reports and important resources relating to the project actions Downloads &amp; Deliverables The LIFE Aegypius Return team believes in transparency and sharing information with the public. We are committed to keeping our funders, collaborators and supporters informed about our actions and progress towards achieving our project [&hellip;]\" \/>\n<meta property=\"og:url\" content=\"https:\/\/4vultures.org\/es\/life-aegypius-return\/downloads-deliverables\/\" \/>\n<meta property=\"og:site_name\" content=\"Vulture Conservation Foundation\" \/>\n<meta property=\"article:modified_time\" content=\"2026-01-08T19:22:01+00:00\" \/>\n<meta name=\"twitter:card\" content=\"summary_large_image\" \/>\n<meta name=\"twitter:label1\" content=\"Tiempo de lectura\" \/>\n\t<meta name=\"twitter:data1\" content=\"2 minutos\" \/>\n<script type=\"application\/ld+json\" class=\"yoast-schema-graph\">{\"@context\":\"https:\/\/schema.org\",\"@graph\":[{\"@type\":\"WebPage\",\"@id\":\"https:\/\/4vultures.org\/life-aegypius-return\/downloads-deliverables\/\",\"url\":\"https:\/\/4vultures.org\/life-aegypius-return\/downloads-deliverables\/\",\"name\":\"Downloads &amp; Deliverables - Vulture Conservation Foundation\",\"isPartOf\":{\"@id\":\"https:\/\/4vultures.org\/#website\"},\"datePublished\":\"2023-03-22T13:34:05+00:00\",\"dateModified\":\"2026-01-08T19:22:01+00:00\",\"breadcrumb\":{\"@id\":\"https:\/\/4vultures.org\/life-aegypius-return\/downloads-deliverables\/#breadcrumb\"},\"inLanguage\":\"es\",\"potentialAction\":[{\"@type\":\"ReadAction\",\"target\":[\"https:\/\/4vultures.org\/life-aegypius-return\/downloads-deliverables\/\"]}]},{\"@type\":\"BreadcrumbList\",\"@id\":\"https:\/\/4vultures.org\/life-aegypius-return\/downloads-deliverables\/#breadcrumb\",\"itemListElement\":[{\"@type\":\"ListItem\",\"position\":1,\"name\":\"Home\",\"item\":\"https:\/\/4vultures.org\/\"},{\"@type\":\"ListItem\",\"position\":2,\"name\":\"LIFE Aegypius Return\",\"item\":\"https:\/\/4vultures.org\/life-aegypius-return\/\"},{\"@type\":\"ListItem\",\"position\":3,\"name\":\"Downloads &amp; Deliverables\"}]},{\"@type\":\"WebSite\",\"@id\":\"https:\/\/4vultures.org\/#website\",\"url\":\"https:\/\/4vultures.org\/\",\"name\":\"Vulture Conservation Foundation\",\"description\":\"\",\"publisher\":{\"@id\":\"https:\/\/4vultures.org\/#organization\"},\"potentialAction\":[{\"@type\":\"SearchAction\",\"target\":{\"@type\":\"EntryPoint\",\"urlTemplate\":\"https:\/\/4vultures.org\/?s={search_term_string}\"},\"query-input\":{\"@type\":\"PropertyValueSpecification\",\"valueRequired\":true,\"valueName\":\"search_term_string\"}}],\"inLanguage\":\"es\"},{\"@type\":\"Organization\",\"@id\":\"https:\/\/4vultures.org\/#organization\",\"name\":\"Vulture Conservation Foundation\",\"url\":\"https:\/\/4vultures.org\/\",\"logo\":{\"@type\":\"ImageObject\",\"inLanguage\":\"es\",\"@id\":\"https:\/\/4vultures.org\/#\/schema\/logo\/image\/\",\"url\":\"https:\/\/4vultures.org\/wp-content\/uploads\/2021\/07\/logo.svg\",\"contentUrl\":\"https:\/\/4vultures.org\/wp-content\/uploads\/2021\/07\/logo.svg\",\"width\":522.503,\"height\":154.297,\"caption\":\"Vulture Conservation Foundation\"},\"image\":{\"@id\":\"https:\/\/4vultures.org\/#\/schema\/logo\/image\/\"}}]}<\/script>\n<!-- \/ Yoast SEO plugin. -->","yoast_head_json":{"title":"Downloads &amp; Deliverables - Vulture Conservation Foundation","robots":{"index":"index","follow":"follow","max-snippet":"max-snippet:-1","max-image-preview":"max-image-preview:large","max-video-preview":"max-video-preview:-1"},"canonical":"https:\/\/4vultures.org\/es\/life-aegypius-return\/downloads-deliverables\/","og_locale":"es_ES","og_type":"article","og_title":"Downloads &amp; Deliverables - Vulture Conservation Foundation","og_description":"Downloads and Deliverables Download and review deliverables like scientific reports and important resources relating to the project actions Downloads &amp; Deliverables The LIFE Aegypius Return team believes in transparency and sharing information with the public. We are committed to keeping our funders, collaborators and supporters informed about our actions and progress towards achieving our project [&hellip;]","og_url":"https:\/\/4vultures.org\/es\/life-aegypius-return\/downloads-deliverables\/","og_site_name":"Vulture Conservation Foundation","article_modified_time":"2026-01-08T19:22:01+00:00","twitter_card":"summary_large_image","twitter_misc":{"Tiempo de lectura":"2 minutos"},"schema":{"@context":"https:\/\/schema.org","@graph":[{"@type":"WebPage","@id":"https:\/\/4vultures.org\/life-aegypius-return\/downloads-deliverables\/","url":"https:\/\/4vultures.org\/life-aegypius-return\/downloads-deliverables\/","name":"Downloads &amp; Deliverables - Vulture Conservation Foundation","isPartOf":{"@id":"https:\/\/4vultures.org\/#website"},"datePublished":"2023-03-22T13:34:05+00:00","dateModified":"2026-01-08T19:22:01+00:00","breadcrumb":{"@id":"https:\/\/4vultures.org\/life-aegypius-return\/downloads-deliverables\/#breadcrumb"},"inLanguage":"es","potentialAction":[{"@type":"ReadAction","target":["https:\/\/4vultures.org\/life-aegypius-return\/downloads-deliverables\/"]}]},{"@type":"BreadcrumbList","@id":"https:\/\/4vultures.org\/life-aegypius-return\/downloads-deliverables\/#breadcrumb","itemListElement":[{"@type":"ListItem","position":1,"name":"Home","item":"https:\/\/4vultures.org\/"},{"@type":"ListItem","position":2,"name":"LIFE Aegypius Return","item":"https:\/\/4vultures.org\/life-aegypius-return\/"},{"@type":"ListItem","position":3,"name":"Downloads &amp; Deliverables"}]},{"@type":"WebSite","@id":"https:\/\/4vultures.org\/#website","url":"https:\/\/4vultures.org\/","name":"Vulture Conservation Foundation","description":"","publisher":{"@id":"https:\/\/4vultures.org\/#organization"},"potentialAction":[{"@type":"SearchAction","target":{"@type":"EntryPoint","urlTemplate":"https:\/\/4vultures.org\/?s={search_term_string}"},"query-input":{"@type":"PropertyValueSpecification","valueRequired":true,"valueName":"search_term_string"}}],"inLanguage":"es"},{"@type":"Organization","@id":"https:\/\/4vultures.org\/#organization","name":"Vulture Conservation Foundation","url":"https:\/\/4vultures.org\/","logo":{"@type":"ImageObject","inLanguage":"es","@id":"https:\/\/4vultures.org\/#\/schema\/logo\/image\/","url":"https:\/\/4vultures.org\/wp-content\/uploads\/2021\/07\/logo.svg","contentUrl":"https:\/\/4vultures.org\/wp-content\/uploads\/2021\/07\/logo.svg","width":522.503,"height":154.297,"caption":"Vulture Conservation Foundation"},"image":{"@id":"https:\/\/4vultures.org\/#\/schema\/logo\/image\/"}}]}},"uagb_featured_image_src":{"full":false,"thumbnail":false,"medium":false,"medium_large":false,"large":false,"1536x1536":false,"2048x2048":false,"trp-custom-language-flag":false},"uagb_author_info":{"display_name":"lbadmin","author_link":"https:\/\/4vultures.org\/es\/blog\/author\/lbadmin\/"},"uagb_comment_info":0,"uagb_excerpt":"Downloads and Deliverables Download and review deliverables like scientific reports and important resources relating to the project actions Downloads &amp; Deliverables The LIFE Aegypius Return team believes in transparency and sharing information with the public. We are committed to keeping our funders, collaborators and supporters informed about our actions and progress towards achieving our project&hellip;","_links":{"self":[{"href":"https:\/\/4vultures.org\/es\/wp-json\/wp\/v2\/pages\/27801","targetHints":{"allow":["GET"]}}],"collection":[{"href":"https:\/\/4vultures.org\/es\/wp-json\/wp\/v2\/pages"}],"about":[{"href":"https:\/\/4vultures.org\/es\/wp-json\/wp\/v2\/types\/page"}],"author":[{"embeddable":true,"href":"https:\/\/4vultures.org\/es\/wp-json\/wp\/v2\/users\/1"}],"replies":[{"embeddable":true,"href":"https:\/\/4vultures.org\/es\/wp-json\/wp\/v2\/comments?post=27801"}],"version-history":[{"count":10,"href":"https:\/\/4vultures.org\/es\/wp-json\/wp\/v2\/pages\/27801\/revisions"}],"predecessor-version":[{"id":41275,"href":"https:\/\/4vultures.org\/es\/wp-json\/wp\/v2\/pages\/27801\/revisions\/41275"}],"up":[{"embeddable":true,"href":"https:\/\/4vultures.org\/es\/wp-json\/wp\/v2\/pages\/27781"}],"wp:attachment":[{"href":"https:\/\/4vultures.org\/es\/wp-json\/wp\/v2\/media?parent=27801"}],"curies":[{"name":"wp","href":"https:\/\/api.w.org\/{rel}","templated":true}]}}