{"id":17523,"date":"2021-07-14T12:52:58","date_gmt":"2021-07-14T09:52:58","guid":{"rendered":"http:\/\/4vultures.org\/?page_id=17523"},"modified":"2026-02-16T14:40:30","modified_gmt":"2026-02-16T12:40:30","slug":"pakillo-rodriguez","status":"publish","type":"page","link":"https:\/\/4vultures.org\/pt\/about-us\/meet-the-team\/pakillo-rodriguez\/","title":{"rendered":"Pakillo Rodr\u00edguez"},"content":{"rendered":"<div data-elementor-type=\"wp-page\" data-elementor-id=\"17523\" class=\"elementor elementor-17523\" data-elementor-post-type=\"page\">\n\t\t\t\t\t\t<section class=\"elementor-section elementor-top-section elementor-element elementor-element-70a8d59 elementor-section-height-min-height elementor-section-boxed elementor-section-height-default elementor-section-items-middle\" data-id=\"70a8d59\" data-element_type=\"section\" data-e-type=\"section\" data-settings=\"{&quot;background_background&quot;:&quot;classic&quot;}\">\n\t\t\t\t\t\t\t<div class=\"elementor-background-overlay\"><\/div>\n\t\t\t\t\t\t\t<div class=\"elementor-container elementor-column-gap-no\">\n\t\t\t\t\t<div class=\"elementor-column elementor-col-100 elementor-top-column elementor-element elementor-element-d535aca\" data-id=\"d535aca\" data-element_type=\"column\" data-e-type=\"column\">\n\t\t\t<div class=\"elementor-widget-wrap elementor-element-populated\">\n\t\t\t\t\t\t<div class=\"elementor-element elementor-element-a582b40 animated-slow elementor-invisible elementor-widget elementor-widget-heading\" data-id=\"a582b40\" data-element_type=\"widget\" data-e-type=\"widget\" data-settings=\"{&quot;_animation&quot;:&quot;fadeInDown&quot;}\" data-widget_type=\"heading.default\">\n\t\t\t\t<div class=\"elementor-widget-container\">\n\t\t\t\t\t<h1 class=\"elementor-heading-title elementor-size-default\">MEET THE TEAM<\/h1>\t\t\t\t<\/div>\n\t\t\t\t<\/div>\n\t\t\t\t<div class=\"elementor-element elementor-element-522b344 elementor-widget elementor-widget-heading\" data-id=\"522b344\" data-element_type=\"widget\" data-e-type=\"widget\" data-widget_type=\"heading.default\">\n\t\t\t\t<div class=\"elementor-widget-container\">\n\t\t\t\t\t<h4 class=\"elementor-heading-title elementor-size-default\">Who We Are<\/h4>\t\t\t\t<\/div>\n\t\t\t\t<\/div>\n\t\t\t\t<div class=\"elementor-element elementor-element-7549b70 ee-breadcrumbs-align-center elementor-widget elementor-widget-ee-breadcrumbs\" data-id=\"7549b70\" data-element_type=\"widget\" data-e-type=\"widget\" data-widget_type=\"ee-breadcrumbs.default\">\n\t\t\t\t<div class=\"elementor-widget-container\">\n\t\t\t\t\t<ul class=\"ee-breadcrumbs\" itemscope=\"\" itemtype=\"http:\/\/schema.org\/BreadcrumbList\"><\/ul>\t\t\t\t<\/div>\n\t\t\t\t<\/div>\n\t\t\t\t\t<\/div>\n\t\t<\/div>\n\t\t\t\t\t<\/div>\n\t\t<\/section>\n\t\t\t\t<section class=\"elementor-section elementor-top-section elementor-element elementor-element-8e0f0ed elementor-section-boxed elementor-section-height-default elementor-section-height-default\" data-id=\"8e0f0ed\" data-element_type=\"section\" data-e-type=\"section\">\n\t\t\t\t\t\t<div class=\"elementor-container elementor-column-gap-no\">\n\t\t\t\t\t<div class=\"elementor-column elementor-col-100 elementor-top-column elementor-element elementor-element-9045093\" data-id=\"9045093\" data-element_type=\"column\" data-e-type=\"column\">\n\t\t\t<div class=\"elementor-widget-wrap elementor-element-populated\">\n\t\t\t\t\t\t<div class=\"elementor-element elementor-element-06f1583 elementor-position-left elementor-vertical-align-top elementor-widget elementor-widget-image-box\" data-id=\"06f1583\" data-element_type=\"widget\" data-e-type=\"widget\" data-widget_type=\"image-box.default\">\n\t\t\t\t<div class=\"elementor-widget-container\">\n\t\t\t\t\t<div class=\"elementor-image-box-wrapper\"><figure class=\"elementor-image-box-img\"><img fetchpriority=\"high\" decoding=\"async\" width=\"400\" height=\"400\" src=\"https:\/\/4vultures.org\/wp-content\/uploads\/2021\/07\/Pakillo-Rodriguez.png\" class=\"elementor-animation-float attachment-full size-full wp-image-17751\" alt=\"\" srcset=\"https:\/\/4vultures.org\/wp-content\/uploads\/2021\/07\/Pakillo-Rodriguez.png 400w, https:\/\/4vultures.org\/wp-content\/uploads\/2021\/07\/Pakillo-Rodriguez-300x300.png 300w, https:\/\/4vultures.org\/wp-content\/uploads\/2021\/07\/Pakillo-Rodriguez-150x150.png 150w\" sizes=\"(max-width: 400px) 100vw, 400px\" \/><\/figure><div class=\"elementor-image-box-content\"><h4 class=\"elementor-image-box-title\">PAKILLO RODR\u00cdGUEZ<\/h4><p class=\"elementor-image-box-description\"><i>\n\nGuadalentin Bearded Vulture Captive-Breeding Coordinator <\/i>\n\n<br><br>\n\n Pakillo Rodr\u00edguez has a degree in Biology (Speciality in Zoology) from the University of Granada and Veterinary Technical Assistant. Since childhood, he has been passionate about wildlife and was breeder of many species of birds, mammals, arthropods, reptiles, and fish. Between 1996 and 2006, he worked at the Science Park Museum in Granada, where he carried out functions such as attending to the public, designing and giving workshops and caring for and maintaining live animal exhibitions,  including the tropical butterfly farm among others. Since 2006, he has been working as a captive-breeding technician for the Bearded Vulture at the Bearded Vulture Breeding Centre Guadalent\u00edn in Cazorla and became the manager of this centre in 2008. The Andalusian Government (Junta de Andaluc\u00eda) owns this centre, which is part of the Bearded Vulture Reintroduction Programme in Andalusia. It is currently managed by the Vulture Conservation Foundation (VCF) and has a staff of five people, all members of the VCF, who are Margarita Lim\u00f3n, Juli\u00e1n Moreno, Jos\u00e9 F. Mart\u00ednez, \u00c1ngel J. Ochotorena and Pakillo Rodr\u00edguez.  <\/p><\/div><\/div>\t\t\t\t<\/div>\n\t\t\t\t<\/div>\n\t\t\t\t\t<\/div>\n\t\t<\/div>\n\t\t\t\t\t<\/div>\n\t\t<\/section>\n\t\t\t\t<\/div>","protected":false},"excerpt":{"rendered":"<p>MEET THE TEAM Who We Are PAKILLO RODR\u00cdGUEZ Guadalentin Bearded Vulture Captive-Breeding Coordinator Pakillo Rodr\u00edguez has a degree in Biology (Speciality in Zoology) from the University of Granada and Veterinary Technical Assistant. Since childhood, he has been passionate about wildlife and was breeder of many species of birds, mammals, arthropods, reptiles, and fish. Between 1996 [&hellip;]<\/p>\n","protected":false},"author":2,"featured_media":0,"parent":2310,"menu_order":0,"comment_status":"closed","ping_status":"closed","template":"","meta":{"_uag_custom_page_level_css":"","site-sidebar-layout":"no-sidebar","site-content-layout":"page-builder","ast-site-content-layout":"default","site-content-style":"default","site-sidebar-style":"default","ast-global-header-display":"","ast-banner-title-visibility":"","ast-main-header-display":"","ast-hfb-above-header-display":"","ast-hfb-below-header-display":"","ast-hfb-mobile-header-display":"","site-post-title":"disabled","ast-breadcrumbs-content":"","ast-featured-img":"disabled","footer-sml-layout":"","ast-disable-related-posts":"","theme-transparent-header-meta":"default","adv-header-id-meta":"","stick-header-meta":"","header-above-stick-meta":"","header-main-stick-meta":"","header-below-stick-meta":"","astra-migrate-meta-layouts":"default","ast-page-background-enabled":"default","ast-page-background-meta":{"desktop":{"background-color":"","background-image":"","background-repeat":"repeat","background-position":"center center","background-size":"auto","background-attachment":"scroll","background-type":"","background-media":"","overlay-type":"","overlay-color":"","overlay-opacity":"","overlay-gradient":""},"tablet":{"background-color":"","background-image":"","background-repeat":"repeat","background-position":"center center","background-size":"auto","background-attachment":"scroll","background-type":"","background-media":"","overlay-type":"","overlay-color":"","overlay-opacity":"","overlay-gradient":""},"mobile":{"background-color":"","background-image":"","background-repeat":"repeat","background-position":"center center","background-size":"auto","background-attachment":"scroll","background-type":"","background-media":"","overlay-type":"","overlay-color":"","overlay-opacity":"","overlay-gradient":""}},"ast-content-background-meta":{"desktop":{"background-color":"var(--ast-global-color-5)","background-image":"","background-repeat":"repeat","background-position":"center center","background-size":"auto","background-attachment":"scroll","background-type":"","background-media":"","overlay-type":"","overlay-color":"","overlay-opacity":"","overlay-gradient":""},"tablet":{"background-color":"var(--ast-global-color-5)","background-image":"","background-repeat":"repeat","background-position":"center center","background-size":"auto","background-attachment":"scroll","background-type":"","background-media":"","overlay-type":"","overlay-color":"","overlay-opacity":"","overlay-gradient":""},"mobile":{"background-color":"var(--ast-global-color-5)","background-image":"","background-repeat":"repeat","background-position":"center center","background-size":"auto","background-attachment":"scroll","background-type":"","background-media":"","overlay-type":"","overlay-color":"","overlay-opacity":"","overlay-gradient":""}},"footnotes":""},"class_list":["post-17523","page","type-page","status-publish","hentry"],"yoast_head":"<!-- This site is optimized with the Yoast SEO plugin v27.2 - https:\/\/yoast.com\/product\/yoast-seo-wordpress\/ -->\n<title>Pakillo Rodr\u00edguez - Vulture Conservation Foundation<\/title>\n<meta name=\"robots\" content=\"index, follow, max-snippet:-1, max-image-preview:large, max-video-preview:-1\" \/>\n<link rel=\"canonical\" href=\"https:\/\/4vultures.org\/pt\/about-us\/meet-the-team\/pakillo-rodriguez\/\" \/>\n<meta property=\"og:locale\" content=\"pt_PT\" \/>\n<meta property=\"og:type\" content=\"article\" \/>\n<meta property=\"og:title\" content=\"Pakillo Rodr\u00edguez - Vulture Conservation Foundation\" \/>\n<meta property=\"og:description\" content=\"MEET THE TEAM Who We Are PAKILLO RODR\u00cdGUEZ Guadalentin Bearded Vulture Captive-Breeding Coordinator Pakillo Rodr\u00edguez has a degree in Biology (Speciality in Zoology) from the University of Granada and Veterinary Technical Assistant. Since childhood, he has been passionate about wildlife and was breeder of many species of birds, mammals, arthropods, reptiles, and fish. Between 1996 [&hellip;]\" \/>\n<meta property=\"og:url\" content=\"https:\/\/4vultures.org\/pt\/about-us\/meet-the-team\/pakillo-rodriguez\/\" \/>\n<meta property=\"og:site_name\" content=\"Vulture Conservation Foundation\" \/>\n<meta property=\"article:modified_time\" content=\"2026-02-16T12:40:30+00:00\" \/>\n<meta property=\"og:image\" content=\"https:\/\/4vultures.org\/wp-content\/uploads\/2021\/07\/Pakillo-Rodriguez.png\" \/>\n\t<meta property=\"og:image:width\" content=\"400\" \/>\n\t<meta property=\"og:image:height\" content=\"400\" \/>\n\t<meta property=\"og:image:type\" content=\"image\/png\" \/>\n<meta name=\"twitter:card\" content=\"summary_large_image\" \/>\n<meta name=\"twitter:label1\" content=\"Tempo estimado de leitura\" \/>\n\t<meta name=\"twitter:data1\" content=\"2 minutos\" \/>\n<script type=\"application\/ld+json\" class=\"yoast-schema-graph\">{\"@context\":\"https:\/\/schema.org\",\"@graph\":[{\"@type\":\"WebPage\",\"@id\":\"https:\/\/4vultures.org\/about-us\/meet-the-team\/pakillo-rodriguez\/\",\"url\":\"https:\/\/4vultures.org\/about-us\/meet-the-team\/pakillo-rodriguez\/\",\"name\":\"Pakillo Rodr\u00edguez - Vulture Conservation Foundation\",\"isPartOf\":{\"@id\":\"https:\/\/4vultures.org\/#website\"},\"primaryImageOfPage\":{\"@id\":\"https:\/\/4vultures.org\/about-us\/meet-the-team\/pakillo-rodriguez\/#primaryimage\"},\"image\":{\"@id\":\"https:\/\/4vultures.org\/about-us\/meet-the-team\/pakillo-rodriguez\/#primaryimage\"},\"thumbnailUrl\":\"http:\/\/4vultures.org\/wp-content\/uploads\/2021\/07\/Pakillo-Rodriguez.png\",\"datePublished\":\"2021-07-14T09:52:58+00:00\",\"dateModified\":\"2026-02-16T12:40:30+00:00\",\"breadcrumb\":{\"@id\":\"https:\/\/4vultures.org\/about-us\/meet-the-team\/pakillo-rodriguez\/#breadcrumb\"},\"inLanguage\":\"pt-PT\",\"potentialAction\":[{\"@type\":\"ReadAction\",\"target\":[\"https:\/\/4vultures.org\/about-us\/meet-the-team\/pakillo-rodriguez\/\"]}]},{\"@type\":\"ImageObject\",\"inLanguage\":\"pt-PT\",\"@id\":\"https:\/\/4vultures.org\/about-us\/meet-the-team\/pakillo-rodriguez\/#primaryimage\",\"url\":\"http:\/\/4vultures.org\/wp-content\/uploads\/2021\/07\/Pakillo-Rodriguez.png\",\"contentUrl\":\"http:\/\/4vultures.org\/wp-content\/uploads\/2021\/07\/Pakillo-Rodriguez.png\"},{\"@type\":\"BreadcrumbList\",\"@id\":\"https:\/\/4vultures.org\/about-us\/meet-the-team\/pakillo-rodriguez\/#breadcrumb\",\"itemListElement\":[{\"@type\":\"ListItem\",\"position\":1,\"name\":\"Home\",\"item\":\"https:\/\/4vultures.org\/\"},{\"@type\":\"ListItem\",\"position\":2,\"name\":\"About us\",\"item\":\"https:\/\/4vultures.org\/about-us\/\"},{\"@type\":\"ListItem\",\"position\":3,\"name\":\"Meet the Team\",\"item\":\"https:\/\/4vultures.org\/about-us\/meet-the-team\/\"},{\"@type\":\"ListItem\",\"position\":4,\"name\":\"Pakillo Rodr\u00edguez\"}]},{\"@type\":\"WebSite\",\"@id\":\"https:\/\/4vultures.org\/#website\",\"url\":\"https:\/\/4vultures.org\/\",\"name\":\"Vulture Conservation Foundation\",\"description\":\"\",\"publisher\":{\"@id\":\"https:\/\/4vultures.org\/#organization\"},\"potentialAction\":[{\"@type\":\"SearchAction\",\"target\":{\"@type\":\"EntryPoint\",\"urlTemplate\":\"https:\/\/4vultures.org\/?s={search_term_string}\"},\"query-input\":{\"@type\":\"PropertyValueSpecification\",\"valueRequired\":true,\"valueName\":\"search_term_string\"}}],\"inLanguage\":\"pt-PT\"},{\"@type\":\"Organization\",\"@id\":\"https:\/\/4vultures.org\/#organization\",\"name\":\"Vulture Conservation Foundation\",\"url\":\"https:\/\/4vultures.org\/\",\"logo\":{\"@type\":\"ImageObject\",\"inLanguage\":\"pt-PT\",\"@id\":\"https:\/\/4vultures.org\/#\/schema\/logo\/image\/\",\"url\":\"https:\/\/4vultures.org\/wp-content\/uploads\/2021\/07\/logo.svg\",\"contentUrl\":\"https:\/\/4vultures.org\/wp-content\/uploads\/2021\/07\/logo.svg\",\"width\":522.503,\"height\":154.297,\"caption\":\"Vulture Conservation Foundation\"},\"image\":{\"@id\":\"https:\/\/4vultures.org\/#\/schema\/logo\/image\/\"}}]}<\/script>\n<!-- \/ Yoast SEO plugin. -->","yoast_head_json":{"title":"Pakillo Rodr\u00edguez - Vulture Conservation Foundation","robots":{"index":"index","follow":"follow","max-snippet":"max-snippet:-1","max-image-preview":"max-image-preview:large","max-video-preview":"max-video-preview:-1"},"canonical":"https:\/\/4vultures.org\/pt\/about-us\/meet-the-team\/pakillo-rodriguez\/","og_locale":"pt_PT","og_type":"article","og_title":"Pakillo Rodr\u00edguez - Vulture Conservation Foundation","og_description":"MEET THE TEAM Who We Are PAKILLO RODR\u00cdGUEZ Guadalentin Bearded Vulture Captive-Breeding Coordinator Pakillo Rodr\u00edguez has a degree in Biology (Speciality in Zoology) from the University of Granada and Veterinary Technical Assistant. Since childhood, he has been passionate about wildlife and was breeder of many species of birds, mammals, arthropods, reptiles, and fish. Between 1996 [&hellip;]","og_url":"https:\/\/4vultures.org\/pt\/about-us\/meet-the-team\/pakillo-rodriguez\/","og_site_name":"Vulture Conservation Foundation","article_modified_time":"2026-02-16T12:40:30+00:00","og_image":[{"width":400,"height":400,"url":"https:\/\/4vultures.org\/wp-content\/uploads\/2021\/07\/Pakillo-Rodriguez.png","type":"image\/png"}],"twitter_card":"summary_large_image","twitter_misc":{"Tempo estimado de leitura":"2 minutos"},"schema":{"@context":"https:\/\/schema.org","@graph":[{"@type":"WebPage","@id":"https:\/\/4vultures.org\/about-us\/meet-the-team\/pakillo-rodriguez\/","url":"https:\/\/4vultures.org\/about-us\/meet-the-team\/pakillo-rodriguez\/","name":"Pakillo Rodr\u00edguez - Vulture Conservation Foundation","isPartOf":{"@id":"https:\/\/4vultures.org\/#website"},"primaryImageOfPage":{"@id":"https:\/\/4vultures.org\/about-us\/meet-the-team\/pakillo-rodriguez\/#primaryimage"},"image":{"@id":"https:\/\/4vultures.org\/about-us\/meet-the-team\/pakillo-rodriguez\/#primaryimage"},"thumbnailUrl":"http:\/\/4vultures.org\/wp-content\/uploads\/2021\/07\/Pakillo-Rodriguez.png","datePublished":"2021-07-14T09:52:58+00:00","dateModified":"2026-02-16T12:40:30+00:00","breadcrumb":{"@id":"https:\/\/4vultures.org\/about-us\/meet-the-team\/pakillo-rodriguez\/#breadcrumb"},"inLanguage":"pt-PT","potentialAction":[{"@type":"ReadAction","target":["https:\/\/4vultures.org\/about-us\/meet-the-team\/pakillo-rodriguez\/"]}]},{"@type":"ImageObject","inLanguage":"pt-PT","@id":"https:\/\/4vultures.org\/about-us\/meet-the-team\/pakillo-rodriguez\/#primaryimage","url":"http:\/\/4vultures.org\/wp-content\/uploads\/2021\/07\/Pakillo-Rodriguez.png","contentUrl":"http:\/\/4vultures.org\/wp-content\/uploads\/2021\/07\/Pakillo-Rodriguez.png"},{"@type":"BreadcrumbList","@id":"https:\/\/4vultures.org\/about-us\/meet-the-team\/pakillo-rodriguez\/#breadcrumb","itemListElement":[{"@type":"ListItem","position":1,"name":"Home","item":"https:\/\/4vultures.org\/"},{"@type":"ListItem","position":2,"name":"About us","item":"https:\/\/4vultures.org\/about-us\/"},{"@type":"ListItem","position":3,"name":"Meet the Team","item":"https:\/\/4vultures.org\/about-us\/meet-the-team\/"},{"@type":"ListItem","position":4,"name":"Pakillo Rodr\u00edguez"}]},{"@type":"WebSite","@id":"https:\/\/4vultures.org\/#website","url":"https:\/\/4vultures.org\/","name":"Vulture Conservation Foundation","description":"","publisher":{"@id":"https:\/\/4vultures.org\/#organization"},"potentialAction":[{"@type":"SearchAction","target":{"@type":"EntryPoint","urlTemplate":"https:\/\/4vultures.org\/?s={search_term_string}"},"query-input":{"@type":"PropertyValueSpecification","valueRequired":true,"valueName":"search_term_string"}}],"inLanguage":"pt-PT"},{"@type":"Organization","@id":"https:\/\/4vultures.org\/#organization","name":"Vulture Conservation Foundation","url":"https:\/\/4vultures.org\/","logo":{"@type":"ImageObject","inLanguage":"pt-PT","@id":"https:\/\/4vultures.org\/#\/schema\/logo\/image\/","url":"https:\/\/4vultures.org\/wp-content\/uploads\/2021\/07\/logo.svg","contentUrl":"https:\/\/4vultures.org\/wp-content\/uploads\/2021\/07\/logo.svg","width":522.503,"height":154.297,"caption":"Vulture Conservation Foundation"},"image":{"@id":"https:\/\/4vultures.org\/#\/schema\/logo\/image\/"}}]}},"uagb_featured_image_src":{"full":false,"thumbnail":false,"medium":false,"medium_large":false,"large":false,"1536x1536":false,"2048x2048":false,"trp-custom-language-flag":false},"uagb_author_info":{"display_name":"Eleni Karatzia","author_link":"https:\/\/4vultures.org\/pt\/blog\/author\/elenikaratzia\/"},"uagb_comment_info":0,"uagb_excerpt":"MEET THE TEAM Who We Are PAKILLO RODR\u00cdGUEZ Guadalentin Bearded Vulture Captive-Breeding Coordinator Pakillo Rodr\u00edguez has a degree in Biology (Speciality in Zoology) from the University of Granada and Veterinary Technical Assistant. Since childhood, he has been passionate about wildlife and was breeder of many species of birds, mammals, arthropods, reptiles, and fish. Between 1996&hellip;","_links":{"self":[{"href":"https:\/\/4vultures.org\/pt\/wp-json\/wp\/v2\/pages\/17523","targetHints":{"allow":["GET"]}}],"collection":[{"href":"https:\/\/4vultures.org\/pt\/wp-json\/wp\/v2\/pages"}],"about":[{"href":"https:\/\/4vultures.org\/pt\/wp-json\/wp\/v2\/types\/page"}],"author":[{"embeddable":true,"href":"https:\/\/4vultures.org\/pt\/wp-json\/wp\/v2\/users\/2"}],"replies":[{"embeddable":true,"href":"https:\/\/4vultures.org\/pt\/wp-json\/wp\/v2\/comments?post=17523"}],"version-history":[{"count":8,"href":"https:\/\/4vultures.org\/pt\/wp-json\/wp\/v2\/pages\/17523\/revisions"}],"predecessor-version":[{"id":41628,"href":"https:\/\/4vultures.org\/pt\/wp-json\/wp\/v2\/pages\/17523\/revisions\/41628"}],"up":[{"embeddable":true,"href":"https:\/\/4vultures.org\/pt\/wp-json\/wp\/v2\/pages\/2310"}],"wp:attachment":[{"href":"https:\/\/4vultures.org\/pt\/wp-json\/wp\/v2\/media?parent=17523"}],"curies":[{"name":"wp","href":"https:\/\/api.w.org\/{rel}","templated":true}]}}