{"id":27797,"date":"2023-03-22T15:32:32","date_gmt":"2023-03-22T13:32:32","guid":{"rendered":"https:\/\/4vultures.org\/?page_id=27797"},"modified":"2025-05-05T15:43:42","modified_gmt":"2025-05-05T12:43:42","slug":"the-cinereous-vulture","status":"publish","type":"page","link":"https:\/\/4vultures.org\/pt\/life-aegypius-return\/the-cinereous-vulture\/","title":{"rendered":"O abutre-preto"},"content":{"rendered":"<div data-elementor-type=\"wp-page\" data-elementor-id=\"27797\" class=\"elementor elementor-27797\" data-elementor-post-type=\"page\">\n\t\t\t\t\t\t<section class=\"elementor-section elementor-top-section elementor-element elementor-element-1add74d elementor-section-height-min-height elementor-section-boxed elementor-section-height-default elementor-section-items-middle\" data-id=\"1add74d\" data-element_type=\"section\" data-e-type=\"section\" data-settings=\"{&quot;background_background&quot;:&quot;classic&quot;}\">\n\t\t\t\t\t\t\t<div class=\"elementor-background-overlay\"><\/div>\n\t\t\t\t\t\t\t<div class=\"elementor-container elementor-column-gap-no\">\n\t\t\t\t\t<div class=\"elementor-column elementor-col-100 elementor-top-column elementor-element elementor-element-8a457b0\" data-id=\"8a457b0\" data-element_type=\"column\" data-e-type=\"column\">\n\t\t\t<div class=\"elementor-widget-wrap elementor-element-populated\">\n\t\t\t\t\t\t<div class=\"elementor-element elementor-element-13be030 animated-slow elementor-invisible elementor-widget elementor-widget-heading\" data-id=\"13be030\" data-element_type=\"widget\" data-e-type=\"widget\" data-settings=\"{&quot;_animation&quot;:&quot;fadeInDown&quot;}\" data-widget_type=\"heading.default\">\n\t\t\t\t<div class=\"elementor-widget-container\">\n\t\t\t\t\t<h1 class=\"elementor-heading-title elementor-size-default\">O abutre-preto <\/h1>\t\t\t\t<\/div>\n\t\t\t\t<\/div>\n\t\t\t\t<div class=\"elementor-element elementor-element-6828b8f elementor-widget elementor-widget-text-editor\" data-id=\"6828b8f\" data-element_type=\"widget\" data-e-type=\"widget\" data-widget_type=\"text-editor.default\">\n\t\t\t\t<div class=\"elementor-widget-container\">\n\t\t\t\t\t\t\t\t\t<p>Descubra tudo o que precisa de saber sobre a esp\u00e9cie \u00a0<\/p>\t\t\t\t\t\t\t\t<\/div>\n\t\t\t\t<\/div>\n\t\t\t\t<div class=\"elementor-element elementor-element-4234240 ee-breadcrumbs-align-left elementor-widget elementor-widget-ee-breadcrumbs\" data-id=\"4234240\" data-element_type=\"widget\" data-e-type=\"widget\" data-widget_type=\"ee-breadcrumbs.default\">\n\t\t\t\t<div class=\"elementor-widget-container\">\n\t\t\t\t\t<ul class=\"ee-breadcrumbs\" itemscope=\"\" itemtype=\"http:\/\/schema.org\/BreadcrumbList\"><\/ul>\t\t\t\t<\/div>\n\t\t\t\t<\/div>\n\t\t\t\t\t<\/div>\n\t\t<\/div>\n\t\t\t\t\t<\/div>\n\t\t<\/section>\n\t\t\t\t<section class=\"elementor-section elementor-top-section elementor-element elementor-element-52969fd elementor-section-boxed elementor-section-height-default elementor-section-height-default\" data-id=\"52969fd\" data-element_type=\"section\" data-e-type=\"section\">\n\t\t\t\t\t\t<div class=\"elementor-container elementor-column-gap-no\">\n\t\t\t\t\t<div class=\"elementor-column elementor-col-100 elementor-top-column elementor-element elementor-element-a27f361\" data-id=\"a27f361\" data-element_type=\"column\" data-e-type=\"column\">\n\t\t\t<div class=\"elementor-widget-wrap elementor-element-populated\">\n\t\t\t\t\t\t<div class=\"elementor-element elementor-element-627c4b2 elementor-widget elementor-widget-heading\" data-id=\"627c4b2\" data-element_type=\"widget\" data-e-type=\"widget\" data-widget_type=\"heading.default\">\n\t\t\t\t<div class=\"elementor-widget-container\">\n\t\t\t\t\t<h4 class=\"elementor-heading-title elementor-size-default\">O abutre-preto<\/h4>\t\t\t\t<\/div>\n\t\t\t\t<\/div>\n\t\t\t\t<div class=\"elementor-element elementor-element-79ccd57 elementor-widget-divider--view-line elementor-widget elementor-widget-divider\" data-id=\"79ccd57\" data-element_type=\"widget\" data-e-type=\"widget\" data-widget_type=\"divider.default\">\n\t\t\t\t<div class=\"elementor-widget-container\">\n\t\t\t\t\t\t\t<div class=\"elementor-divider\">\n\t\t\t<span class=\"elementor-divider-separator\">\n\t\t\t\t\t\t<\/span>\n\t\t<\/div>\n\t\t\t\t\t\t<\/div>\n\t\t\t\t<\/div>\n\t\t\t\t<div class=\"elementor-element elementor-element-e5b57ff elementor-widget elementor-widget-text-editor\" data-id=\"e5b57ff\" data-element_type=\"widget\" data-e-type=\"widget\" data-widget_type=\"text-editor.default\">\n\t\t\t\t<div class=\"elementor-widget-container\">\n\t\t\t\t\t\t\t\t\t<p>O poderoso abutre-preto (<em>Aegypius monachus<\/em>), tamb\u00e9m chamado de abutre-negro, \u00e9 um verdadeiro gigante dos c\u00e9us, detentor do t\u00edtulo de maior abutre do Velho Mundo e uma das maiores e mais pesadas aves de rapina do mundo, com uma envergadura que atinge quase 3 metros. Infelizmente, o abutre-preto enfrentou um decl\u00ednio acentuado nos seus habitats europeus, mas h\u00e1 boas not\u00edcias. Gra\u00e7as a uma popula\u00e7\u00e3o espanhola pr\u00f3spera, esta impressionante esp\u00e9cie est\u00e1 a regressar a regi\u00f5es de toda a Europa, de Portugal e Fran\u00e7a \u00e0 Bulg\u00e1ria, criando esperan\u00e7a na sobreviv\u00eancia e no regresso desta criatura majestosa.<\/p>\t\t\t\t\t\t\t\t<\/div>\n\t\t\t\t<\/div>\n\t\t\t\t<div class=\"elementor-element elementor-element-3b6703b elementor-widget-divider--view-line elementor-widget elementor-widget-divider\" data-id=\"3b6703b\" data-element_type=\"widget\" data-e-type=\"widget\" data-widget_type=\"divider.default\">\n\t\t\t\t<div class=\"elementor-widget-container\">\n\t\t\t\t\t\t\t<div class=\"elementor-divider\">\n\t\t\t<span class=\"elementor-divider-separator\">\n\t\t\t\t\t\t<\/span>\n\t\t<\/div>\n\t\t\t\t\t\t<\/div>\n\t\t\t\t<\/div>\n\t\t\t\t\t<\/div>\n\t\t<\/div>\n\t\t\t\t\t<\/div>\n\t\t<\/section>\n\t\t\t\t<section class=\"elementor-section elementor-top-section elementor-element elementor-element-74882eb elementor-section-boxed elementor-section-height-default elementor-section-height-default\" data-id=\"74882eb\" data-element_type=\"section\" data-e-type=\"section\">\n\t\t\t\t\t\t<div class=\"elementor-container elementor-column-gap-no\">\n\t\t\t\t\t<div class=\"elementor-column elementor-col-100 elementor-top-column elementor-element elementor-element-2d4203d\" data-id=\"2d4203d\" data-element_type=\"column\" data-e-type=\"column\">\n\t\t\t<div class=\"elementor-widget-wrap elementor-element-populated\">\n\t\t\t\t\t\t<section class=\"elementor-section elementor-inner-section elementor-element elementor-element-422086a elementor-section-boxed elementor-section-height-default elementor-section-height-default\" data-id=\"422086a\" data-element_type=\"section\" data-e-type=\"section\">\n\t\t\t\t\t\t<div class=\"elementor-container elementor-column-gap-no\">\n\t\t\t\t\t<div class=\"elementor-column elementor-col-50 elementor-inner-column elementor-element elementor-element-080ad63\" data-id=\"080ad63\" data-element_type=\"column\" data-e-type=\"column\">\n\t\t\t<div class=\"elementor-widget-wrap elementor-element-populated\">\n\t\t\t\t\t\t<div class=\"elementor-element elementor-element-5a17662 elementor-cta--skin-cover elementor-cta--valign-bottom elementor-bg-transform elementor-bg-transform-zoom-in elementor-widget elementor-widget-call-to-action\" data-id=\"5a17662\" data-element_type=\"widget\" data-e-type=\"widget\" data-widget_type=\"call-to-action.default\">\n\t\t\t\t<div class=\"elementor-widget-container\">\n\t\t\t\t\t\t\t<div class=\"elementor-cta\">\n\t\t\t\t\t<div class=\"elementor-cta__bg-wrapper\">\n\t\t\t\t<div class=\"elementor-cta__bg elementor-bg\" style=\"background-image: url(https:\/\/4vultures.org\/wp-content\/uploads\/2023\/04\/Facts-and-figures.png);\" role=\"img\" aria-label=\"Facts and figures\"><\/div>\n\t\t\t\t<div class=\"elementor-cta__bg-overlay\"><\/div>\n\t\t\t<\/div>\n\t\t\t\t\t\t\t<div class=\"elementor-cta__content\">\n\t\t\t\t\n\t\t\t\t\t\t\t\t\t<h3 class=\"elementor-cta__title elementor-cta__content-item elementor-content-item\">\n\t\t\t\t\t\tPrincipais factos e n\u00fameros\t\t\t\t\t<\/h3>\n\t\t\t\t\n\t\t\t\t\n\t\t\t\t\t\t\t\t\t<div class=\"elementor-cta__button-wrapper elementor-cta__content-item elementor-content-item\">\n\t\t\t\t\t<a class=\"elementor-cta__button elementor-button elementor-size-\" href=\"https:\/\/4vultures.org\/pt\/life-aegypius-return\/the-cinereous-vulture\/key-facts-and-figures\/\">\n\t\t\t\t\t\tSaber mais \t\t\t\t\t<\/a>\n\t\t\t\t\t<\/div>\n\t\t\t\t\t\t\t<\/div>\n\t\t\t\t\t\t<\/div>\n\t\t\t\t\t\t<\/div>\n\t\t\t\t<\/div>\n\t\t\t\t\t<\/div>\n\t\t<\/div>\n\t\t\t\t<div class=\"elementor-column elementor-col-50 elementor-inner-column elementor-element elementor-element-9c19d79\" data-id=\"9c19d79\" data-element_type=\"column\" data-e-type=\"column\">\n\t\t\t<div class=\"elementor-widget-wrap elementor-element-populated\">\n\t\t\t\t\t\t<div class=\"elementor-element elementor-element-ecbbd25 elementor-cta--skin-cover elementor-cta--valign-bottom elementor-bg-transform elementor-bg-transform-zoom-in elementor-widget elementor-widget-call-to-action\" data-id=\"ecbbd25\" data-element_type=\"widget\" data-e-type=\"widget\" data-widget_type=\"call-to-action.default\">\n\t\t\t\t<div class=\"elementor-widget-container\">\n\t\t\t\t\t\t\t<div class=\"elementor-cta\">\n\t\t\t\t\t<div class=\"elementor-cta__bg-wrapper\">\n\t\t\t\t<div class=\"elementor-cta__bg elementor-bg\" style=\"background-image: url(https:\/\/4vultures.org\/wp-content\/uploads\/2023\/04\/Main-threats_Sheep-carcass-laced-with-poison-c-Vulture-Conservation-Foundation-1-1024x680.jpg);\" role=\"img\" aria-label=\"Main threats_Sheep carcass laced with poison (c) Vulture Conservation Foundation\"><\/div>\n\t\t\t\t<div class=\"elementor-cta__bg-overlay\"><\/div>\n\t\t\t<\/div>\n\t\t\t\t\t\t\t<div class=\"elementor-cta__content\">\n\t\t\t\t\n\t\t\t\t\t\t\t\t\t<h3 class=\"elementor-cta__title elementor-cta__content-item elementor-content-item\">\n\t\t\t\t\t\tPrincipais amea\u00e7as\t\t\t\t\t<\/h3>\n\t\t\t\t\n\t\t\t\t\n\t\t\t\t\t\t\t\t\t<div class=\"elementor-cta__button-wrapper elementor-cta__content-item elementor-content-item\">\n\t\t\t\t\t<a class=\"elementor-cta__button elementor-button elementor-size-\" href=\"https:\/\/4vultures.org\/pt\/life-aegypius-return\/the-cinereous-vulture\/main-threats\/\">\n\t\t\t\t\t\tSaber mais \t\t\t\t\t<\/a>\n\t\t\t\t\t<\/div>\n\t\t\t\t\t\t\t<\/div>\n\t\t\t\t\t\t<\/div>\n\t\t\t\t\t\t<\/div>\n\t\t\t\t<\/div>\n\t\t\t\t\t<\/div>\n\t\t<\/div>\n\t\t\t\t\t<\/div>\n\t\t<\/section>\n\t\t\t\t<section class=\"elementor-section elementor-inner-section elementor-element elementor-element-c754216 elementor-section-boxed elementor-section-height-default elementor-section-height-default\" data-id=\"c754216\" data-element_type=\"section\" data-e-type=\"section\">\n\t\t\t\t\t\t<div class=\"elementor-container elementor-column-gap-no\">\n\t\t\t\t\t<div class=\"elementor-column elementor-col-50 elementor-inner-column elementor-element elementor-element-d5ac41f\" data-id=\"d5ac41f\" data-element_type=\"column\" data-e-type=\"column\">\n\t\t\t<div class=\"elementor-widget-wrap elementor-element-populated\">\n\t\t\t\t\t\t<div class=\"elementor-element elementor-element-40f7eca elementor-cta--skin-cover elementor-cta--valign-bottom elementor-bg-transform elementor-bg-transform-zoom-in elementor-widget elementor-widget-call-to-action\" data-id=\"40f7eca\" data-element_type=\"widget\" data-e-type=\"widget\" data-widget_type=\"call-to-action.default\">\n\t\t\t\t<div class=\"elementor-widget-container\">\n\t\t\t\t\t\t\t<div class=\"elementor-cta\">\n\t\t\t\t\t<div class=\"elementor-cta__bg-wrapper\">\n\t\t\t\t<div class=\"elementor-cta__bg elementor-bg\" style=\"background-image: url(https:\/\/4vultures.org\/wp-content\/uploads\/2023\/04\/Why-we-need-vultures-e1681204180473.png);\" role=\"img\" aria-label=\"Por que precisamos de abutres\"><\/div>\n\t\t\t\t<div class=\"elementor-cta__bg-overlay\"><\/div>\n\t\t\t<\/div>\n\t\t\t\t\t\t\t<div class=\"elementor-cta__content\">\n\t\t\t\t\n\t\t\t\t\t\t\t\t\t<h3 class=\"elementor-cta__title elementor-cta__content-item elementor-content-item\">\n\t\t\t\t\t\tPor que precisamos de abutres\t\t\t\t\t<\/h3>\n\t\t\t\t\n\t\t\t\t\n\t\t\t\t\t\t\t\t\t<div class=\"elementor-cta__button-wrapper elementor-cta__content-item elementor-content-item\">\n\t\t\t\t\t<a class=\"elementor-cta__button elementor-button elementor-size-\" href=\"https:\/\/4vultures.org\/pt\/life-aegypius-return\/the-cinereous-vulture\/why-we-need-vultures\/\">\n\t\t\t\t\t\tSaber mais \t\t\t\t\t<\/a>\n\t\t\t\t\t<\/div>\n\t\t\t\t\t\t\t<\/div>\n\t\t\t\t\t\t<\/div>\n\t\t\t\t\t\t<\/div>\n\t\t\t\t<\/div>\n\t\t\t\t\t<\/div>\n\t\t<\/div>\n\t\t\t\t<div class=\"elementor-column elementor-col-50 elementor-inner-column elementor-element elementor-element-387ec15\" data-id=\"387ec15\" data-element_type=\"column\" data-e-type=\"column\">\n\t\t\t<div class=\"elementor-widget-wrap elementor-element-populated\">\n\t\t\t\t\t\t<div class=\"elementor-element elementor-element-cf92c76 elementor-cta--skin-cover elementor-cta--valign-bottom elementor-bg-transform elementor-bg-transform-zoom-in elementor-widget elementor-widget-call-to-action\" data-id=\"cf92c76\" data-element_type=\"widget\" data-e-type=\"widget\" data-widget_type=\"call-to-action.default\">\n\t\t\t\t<div class=\"elementor-widget-container\">\n\t\t\t\t\t\t\t<div class=\"elementor-cta\">\n\t\t\t\t\t<div class=\"elementor-cta__bg-wrapper\">\n\t\t\t\t<div class=\"elementor-cta__bg elementor-bg\" style=\"background-image: url(https:\/\/4vultures.org\/wp-content\/uploads\/2023\/04\/History-and-status.png);\" role=\"img\" aria-label=\"History and status\"><\/div>\n\t\t\t\t<div class=\"elementor-cta__bg-overlay\"><\/div>\n\t\t\t<\/div>\n\t\t\t\t\t\t\t<div class=\"elementor-cta__content\">\n\t\t\t\t\n\t\t\t\t\t\t\t\t\t<h3 class=\"elementor-cta__title elementor-cta__content-item elementor-content-item\">\n\t\t\t\t\t\tHist\u00f3ria e estatuto em Portugal e Espanha \t\t\t\t\t<\/h3>\n\t\t\t\t\n\t\t\t\t\n\t\t\t\t\t\t\t\t\t<div class=\"elementor-cta__button-wrapper elementor-cta__content-item elementor-content-item\">\n\t\t\t\t\t<a class=\"elementor-cta__button elementor-button elementor-size-\" href=\"https:\/\/4vultures.org\/pt\/life-aegypius-return\/the-cinereous-vulture\/history-and-conservation-status-in-portugal-and-spain\/\">\n\t\t\t\t\t\tSaber mais \t\t\t\t\t<\/a>\n\t\t\t\t\t<\/div>\n\t\t\t\t\t\t\t<\/div>\n\t\t\t\t\t\t<\/div>\n\t\t\t\t\t\t<\/div>\n\t\t\t\t<\/div>\n\t\t\t\t\t<\/div>\n\t\t<\/div>\n\t\t\t\t\t<\/div>\n\t\t<\/section>\n\t\t\t\t\t<\/div>\n\t\t<\/div>\n\t\t\t\t\t<\/div>\n\t\t<\/section>\n\t\t\t\t<\/div>","protected":false},"excerpt":{"rendered":"<p>The Cinereous Vulture Discover everything you need to know about the species \u00a0 The Cinereous Vulture The mighty Cinereous Vulture (Aegypius monachus), also called the Eurasian Black Vulture, is a true giant of the skies, holding the title for the largest Old World vulture and one of the biggest and heaviest birds of prey globally, [&hellip;]<\/p>\n","protected":false},"author":1,"featured_media":0,"parent":27781,"menu_order":0,"comment_status":"closed","ping_status":"closed","template":"","meta":{"_uag_custom_page_level_css":"","site-sidebar-layout":"no-sidebar","site-content-layout":"page-builder","ast-site-content-layout":"default","site-content-style":"default","site-sidebar-style":"default","ast-global-header-display":"","ast-banner-title-visibility":"","ast-main-header-display":"","ast-hfb-above-header-display":"","ast-hfb-below-header-display":"","ast-hfb-mobile-header-display":"","site-post-title":"disabled","ast-breadcrumbs-content":"","ast-featured-img":"disabled","footer-sml-layout":"","ast-disable-related-posts":"","theme-transparent-header-meta":"","adv-header-id-meta":"","stick-header-meta":"","header-above-stick-meta":"","header-main-stick-meta":"","header-below-stick-meta":"","astra-migrate-meta-layouts":"default","ast-page-background-enabled":"default","ast-page-background-meta":{"desktop":{"background-color":"","background-image":"","background-repeat":"repeat","background-position":"center center","background-size":"auto","background-attachment":"scroll","background-type":"","background-media":"","overlay-type":"","overlay-color":"","overlay-opacity":"","overlay-gradient":""},"tablet":{"background-color":"","background-image":"","background-repeat":"repeat","background-position":"center center","background-size":"auto","background-attachment":"scroll","background-type":"","background-media":"","overlay-type":"","overlay-color":"","overlay-opacity":"","overlay-gradient":""},"mobile":{"background-color":"","background-image":"","background-repeat":"repeat","background-position":"center center","background-size":"auto","background-attachment":"scroll","background-type":"","background-media":"","overlay-type":"","overlay-color":"","overlay-opacity":"","overlay-gradient":""}},"ast-content-background-meta":{"desktop":{"background-color":"var(--ast-global-color-5)","background-image":"","background-repeat":"repeat","background-position":"center center","background-size":"auto","background-attachment":"scroll","background-type":"","background-media":"","overlay-type":"","overlay-color":"","overlay-opacity":"","overlay-gradient":""},"tablet":{"background-color":"var(--ast-global-color-5)","background-image":"","background-repeat":"repeat","background-position":"center center","background-size":"auto","background-attachment":"scroll","background-type":"","background-media":"","overlay-type":"","overlay-color":"","overlay-opacity":"","overlay-gradient":""},"mobile":{"background-color":"var(--ast-global-color-5)","background-image":"","background-repeat":"repeat","background-position":"center center","background-size":"auto","background-attachment":"scroll","background-type":"","background-media":"","overlay-type":"","overlay-color":"","overlay-opacity":"","overlay-gradient":""}},"footnotes":""},"class_list":["post-27797","page","type-page","status-publish","hentry"],"yoast_head":"<!-- This site is optimized with the Yoast SEO plugin v27.2 - https:\/\/yoast.com\/product\/yoast-seo-wordpress\/ -->\n<title>The Cinereous Vulture - Vulture Conservation Foundation<\/title>\n<meta name=\"robots\" content=\"index, follow, max-snippet:-1, max-image-preview:large, max-video-preview:-1\" \/>\n<link rel=\"canonical\" href=\"https:\/\/4vultures.org\/pt\/life-aegypius-return\/the-cinereous-vulture\/\" \/>\n<meta property=\"og:locale\" content=\"pt_PT\" \/>\n<meta property=\"og:type\" content=\"article\" \/>\n<meta property=\"og:title\" content=\"The Cinereous Vulture - Vulture Conservation Foundation\" \/>\n<meta property=\"og:description\" content=\"The Cinereous Vulture Discover everything you need to know about the species \u00a0 The Cinereous Vulture The mighty Cinereous Vulture (Aegypius monachus), also called the Eurasian Black Vulture, is a true giant of the skies, holding the title for the largest Old World vulture and one of the biggest and heaviest birds of prey globally, [&hellip;]\" \/>\n<meta property=\"og:url\" content=\"https:\/\/4vultures.org\/pt\/life-aegypius-return\/the-cinereous-vulture\/\" \/>\n<meta property=\"og:site_name\" content=\"Vulture Conservation Foundation\" \/>\n<meta property=\"article:modified_time\" content=\"2025-05-05T12:43:42+00:00\" \/>\n<meta name=\"twitter:card\" content=\"summary_large_image\" \/>\n<meta name=\"twitter:label1\" content=\"Tempo estimado de leitura\" \/>\n\t<meta name=\"twitter:data1\" content=\"1 minuto\" \/>\n<script type=\"application\/ld+json\" class=\"yoast-schema-graph\">{\"@context\":\"https:\/\/schema.org\",\"@graph\":[{\"@type\":\"WebPage\",\"@id\":\"https:\/\/4vultures.org\/life-aegypius-return\/the-cinereous-vulture\/\",\"url\":\"https:\/\/4vultures.org\/life-aegypius-return\/the-cinereous-vulture\/\",\"name\":\"The Cinereous Vulture - Vulture Conservation Foundation\",\"isPartOf\":{\"@id\":\"https:\/\/4vultures.org\/#website\"},\"datePublished\":\"2023-03-22T13:32:32+00:00\",\"dateModified\":\"2025-05-05T12:43:42+00:00\",\"breadcrumb\":{\"@id\":\"https:\/\/4vultures.org\/life-aegypius-return\/the-cinereous-vulture\/#breadcrumb\"},\"inLanguage\":\"pt-PT\",\"potentialAction\":[{\"@type\":\"ReadAction\",\"target\":[\"https:\/\/4vultures.org\/life-aegypius-return\/the-cinereous-vulture\/\"]}]},{\"@type\":\"BreadcrumbList\",\"@id\":\"https:\/\/4vultures.org\/life-aegypius-return\/the-cinereous-vulture\/#breadcrumb\",\"itemListElement\":[{\"@type\":\"ListItem\",\"position\":1,\"name\":\"Home\",\"item\":\"https:\/\/4vultures.org\/\"},{\"@type\":\"ListItem\",\"position\":2,\"name\":\"LIFE Aegypius Return\",\"item\":\"https:\/\/4vultures.org\/life-aegypius-return\/\"},{\"@type\":\"ListItem\",\"position\":3,\"name\":\"The Cinereous Vulture\"}]},{\"@type\":\"WebSite\",\"@id\":\"https:\/\/4vultures.org\/#website\",\"url\":\"https:\/\/4vultures.org\/\",\"name\":\"Vulture Conservation Foundation\",\"description\":\"\",\"publisher\":{\"@id\":\"https:\/\/4vultures.org\/#organization\"},\"potentialAction\":[{\"@type\":\"SearchAction\",\"target\":{\"@type\":\"EntryPoint\",\"urlTemplate\":\"https:\/\/4vultures.org\/?s={search_term_string}\"},\"query-input\":{\"@type\":\"PropertyValueSpecification\",\"valueRequired\":true,\"valueName\":\"search_term_string\"}}],\"inLanguage\":\"pt-PT\"},{\"@type\":\"Organization\",\"@id\":\"https:\/\/4vultures.org\/#organization\",\"name\":\"Vulture Conservation Foundation\",\"url\":\"https:\/\/4vultures.org\/\",\"logo\":{\"@type\":\"ImageObject\",\"inLanguage\":\"pt-PT\",\"@id\":\"https:\/\/4vultures.org\/#\/schema\/logo\/image\/\",\"url\":\"https:\/\/4vultures.org\/wp-content\/uploads\/2021\/07\/logo.svg\",\"contentUrl\":\"https:\/\/4vultures.org\/wp-content\/uploads\/2021\/07\/logo.svg\",\"width\":522.503,\"height\":154.297,\"caption\":\"Vulture Conservation Foundation\"},\"image\":{\"@id\":\"https:\/\/4vultures.org\/#\/schema\/logo\/image\/\"}}]}<\/script>\n<!-- \/ Yoast SEO plugin. -->","yoast_head_json":{"title":"The Cinereous Vulture - Vulture Conservation Foundation","robots":{"index":"index","follow":"follow","max-snippet":"max-snippet:-1","max-image-preview":"max-image-preview:large","max-video-preview":"max-video-preview:-1"},"canonical":"https:\/\/4vultures.org\/pt\/life-aegypius-return\/the-cinereous-vulture\/","og_locale":"pt_PT","og_type":"article","og_title":"The Cinereous Vulture - Vulture Conservation Foundation","og_description":"The Cinereous Vulture Discover everything you need to know about the species \u00a0 The Cinereous Vulture The mighty Cinereous Vulture (Aegypius monachus), also called the Eurasian Black Vulture, is a true giant of the skies, holding the title for the largest Old World vulture and one of the biggest and heaviest birds of prey globally, [&hellip;]","og_url":"https:\/\/4vultures.org\/pt\/life-aegypius-return\/the-cinereous-vulture\/","og_site_name":"Vulture Conservation Foundation","article_modified_time":"2025-05-05T12:43:42+00:00","twitter_card":"summary_large_image","twitter_misc":{"Tempo estimado de leitura":"1 minuto"},"schema":{"@context":"https:\/\/schema.org","@graph":[{"@type":"WebPage","@id":"https:\/\/4vultures.org\/life-aegypius-return\/the-cinereous-vulture\/","url":"https:\/\/4vultures.org\/life-aegypius-return\/the-cinereous-vulture\/","name":"The Cinereous Vulture - Vulture Conservation Foundation","isPartOf":{"@id":"https:\/\/4vultures.org\/#website"},"datePublished":"2023-03-22T13:32:32+00:00","dateModified":"2025-05-05T12:43:42+00:00","breadcrumb":{"@id":"https:\/\/4vultures.org\/life-aegypius-return\/the-cinereous-vulture\/#breadcrumb"},"inLanguage":"pt-PT","potentialAction":[{"@type":"ReadAction","target":["https:\/\/4vultures.org\/life-aegypius-return\/the-cinereous-vulture\/"]}]},{"@type":"BreadcrumbList","@id":"https:\/\/4vultures.org\/life-aegypius-return\/the-cinereous-vulture\/#breadcrumb","itemListElement":[{"@type":"ListItem","position":1,"name":"Home","item":"https:\/\/4vultures.org\/"},{"@type":"ListItem","position":2,"name":"LIFE Aegypius Return","item":"https:\/\/4vultures.org\/life-aegypius-return\/"},{"@type":"ListItem","position":3,"name":"The Cinereous Vulture"}]},{"@type":"WebSite","@id":"https:\/\/4vultures.org\/#website","url":"https:\/\/4vultures.org\/","name":"Vulture Conservation Foundation","description":"","publisher":{"@id":"https:\/\/4vultures.org\/#organization"},"potentialAction":[{"@type":"SearchAction","target":{"@type":"EntryPoint","urlTemplate":"https:\/\/4vultures.org\/?s={search_term_string}"},"query-input":{"@type":"PropertyValueSpecification","valueRequired":true,"valueName":"search_term_string"}}],"inLanguage":"pt-PT"},{"@type":"Organization","@id":"https:\/\/4vultures.org\/#organization","name":"Vulture Conservation Foundation","url":"https:\/\/4vultures.org\/","logo":{"@type":"ImageObject","inLanguage":"pt-PT","@id":"https:\/\/4vultures.org\/#\/schema\/logo\/image\/","url":"https:\/\/4vultures.org\/wp-content\/uploads\/2021\/07\/logo.svg","contentUrl":"https:\/\/4vultures.org\/wp-content\/uploads\/2021\/07\/logo.svg","width":522.503,"height":154.297,"caption":"Vulture Conservation Foundation"},"image":{"@id":"https:\/\/4vultures.org\/#\/schema\/logo\/image\/"}}]}},"uagb_featured_image_src":{"full":false,"thumbnail":false,"medium":false,"medium_large":false,"large":false,"1536x1536":false,"2048x2048":false,"trp-custom-language-flag":false},"uagb_author_info":{"display_name":"lbadmin","author_link":"https:\/\/4vultures.org\/pt\/blog\/author\/lbadmin\/"},"uagb_comment_info":0,"uagb_excerpt":"The Cinereous Vulture Discover everything you need to know about the species \u00a0 The Cinereous Vulture The mighty Cinereous Vulture (Aegypius monachus), also called the Eurasian Black Vulture, is a true giant of the skies, holding the title for the largest Old World vulture and one of the biggest and heaviest birds of prey globally,&hellip;","_links":{"self":[{"href":"https:\/\/4vultures.org\/pt\/wp-json\/wp\/v2\/pages\/27797","targetHints":{"allow":["GET"]}}],"collection":[{"href":"https:\/\/4vultures.org\/pt\/wp-json\/wp\/v2\/pages"}],"about":[{"href":"https:\/\/4vultures.org\/pt\/wp-json\/wp\/v2\/types\/page"}],"author":[{"embeddable":true,"href":"https:\/\/4vultures.org\/pt\/wp-json\/wp\/v2\/users\/1"}],"replies":[{"embeddable":true,"href":"https:\/\/4vultures.org\/pt\/wp-json\/wp\/v2\/comments?post=27797"}],"version-history":[{"count":5,"href":"https:\/\/4vultures.org\/pt\/wp-json\/wp\/v2\/pages\/27797\/revisions"}],"predecessor-version":[{"id":31293,"href":"https:\/\/4vultures.org\/pt\/wp-json\/wp\/v2\/pages\/27797\/revisions\/31293"}],"up":[{"embeddable":true,"href":"https:\/\/4vultures.org\/pt\/wp-json\/wp\/v2\/pages\/27781"}],"wp:attachment":[{"href":"https:\/\/4vultures.org\/pt\/wp-json\/wp\/v2\/media?parent=27797"}],"curies":[{"name":"wp","href":"https:\/\/api.w.org\/{rel}","templated":true}]}}