{"id":27801,"date":"2023-03-22T15:34:05","date_gmt":"2023-03-22T13:34:05","guid":{"rendered":"https:\/\/4vultures.org\/?page_id=27801"},"modified":"2026-01-08T21:22:01","modified_gmt":"2026-01-08T19:22:01","slug":"downloads-deliverables","status":"publish","type":"page","link":"https:\/\/4vultures.org\/pt\/life-aegypius-return\/downloads-deliverables\/","title":{"rendered":"Downloads e publica\u00e7\u00f5es"},"content":{"rendered":"<h1>Downloads e publica\u00e7\u00f5es<\/h1>\n<p>Descarregue e consulte as nossas publica\u00e7\u00f5es, como relat\u00f3rios cient\u00edficos e recursos importantes relacionados com as a\u00e7\u00f5es do projeto<\/p>\n<h4>Downloads e publica\u00e7\u00f5es<\/h4>\n<p>Downloads e publica\u00e7\u00f5es\n\nA equipa do LIFE Aegypius Return acredita na transpar\u00eancia e na partilha de informa\u00e7\u00e3o com o p\u00fablico. Estamos empenhados em manter os nossos financiadores, colaboradores e apoiantes informados sobre as nossas a\u00e7\u00f5es e progressos no sentido de alcan\u00e7ar os objetivos do projeto. Como parte deste compromisso, partilhamos os resultados e publica\u00e7\u00f5es do projeto no nosso website, que incluem relat\u00f3rios, estudos, dados, material de comunica\u00e7\u00e3o e outros recursos relevantes. Convidamo-lo a explorar os resultados do nosso projeto e a partilh\u00e1-los com outras pessoas que possam estar interessadas no nosso trabalho.<\/p>\n<h3 data-elementor-setting-key=\"infobox_title\" data-elementor-inline-editing-toolbar=\"basic\">Relat\u00f3rios e Estudos<\/h3>\n<ul>\n<li><a href=\"http:\/\/4vultures.org\/wp-content\/uploads\/2025\/02\/RecomendacoesGestaoCAAN-LIFE-AegypiusReturn-FINAL.pdf\">Recomenda\u00e7\u00f5es para gest\u00e3o de CAAN dirigidos ao abutre-preto (em portugu\u00eas)\u00a0 \u00a0\u00a0<\/a><\/li>\n<li><a href=\"http:\/\/4vultures.org\/wp-content\/uploads\/2024\/08\/Deliverable-D2.1-HabitatSuitabilityStudy.pdf\">Estudo da adequabilidade do habitat para o abutre-preto em Portugal e no oeste de Espanha (em ingl\u00eas)\u00a0 \u00a0 \u00a0<\/a><\/li>\n<li><a href=\"http:\/\/4vultures.org\/wp-content\/uploads\/2024\/08\/Deliverable-D5.1-PoisoningCases-2024.pdf\">Report on poisoning cases detected within the LIFE Aegypius Return study area &#8211; 2024 (English)\u00a0<\/a><a href=\"http:\/\/4vultures.org\/wp-content\/uploads\/2024\/08\/Deliverable-D5.1-PoisonCases2024.pdf\" target=\"_blank\" rel=\"noopener\"> \u00a0 \u00a0 \u00a0<\/a><\/li>\n<li><a href=\"http:\/\/4vultures.org\/wp-content\/uploads\/2025\/02\/Deliverable-D4.1-DiagnosticoEstrategia.pdf\" target=\"_blank\" rel=\"noopener\">Diagn\u00f3stico e estrat\u00e9gia para aumentar a disponibilidade de alimento para o abutre-preto (em portugu\u00eas)<\/a><\/li>\n<li><a href=\"http:\/\/4vultures.org\/wp-content\/uploads\/2024\/12\/Report_Construction-of-the-acclimatization-cage_2024_VF-red.pdf\" target=\"_blank\" rel=\"noopener\">Relat\u00f3rio da constru\u00e7\u00e3o da jaula de aclimata\u00e7\u00e3o (Ingl\u00eas)<\/a><\/li>\n<li><a href=\"http:\/\/4vultures.org\/wp-content\/uploads\/2024\/12\/Report-SoftRelease-Movements-2023-min.pdf\" target=\"_blank\" rel=\"noopener\">Relat\u00f3rio anual sobre soft release e os movimentos dos abutres-pretos marcados. 2023 (Ingl\u00eas)<\/a><\/li>\n<li><a href=\"http:\/\/4vultures.org\/wp-content\/uploads\/2025\/01\/Deliverable-D3.2-SoftRelease-Movements-2024.pdf\" target=\"_blank\" rel=\"noopener\">Relat\u00f3rio anual sobre soft release e os movimentos dos abutres-pretos marcados. 2024 (em ingl\u00eas)<\/a><\/li>\n<li><a href=\"http:\/\/4vultures.org\/wp-content\/uploads\/2025\/05\/OE-PGHRRI_LIFE_AR_VF_com-Abstract.pdf\" target=\"_blank\" rel=\"noopener\">Guidelines to develop habitat management and fire risk reduction plans in Cinereous Vulture territories (In Portuguese)<\/a><\/li>\n<li><a href=\"http:\/\/4vultures.org\/wp-content\/uploads\/2025\/07\/LifeAegypiusReturn-EcosystemServicesReport.pdf\" target=\"_blank\" rel=\"noopener\">Quantification and valuation of ecosystem services provided by vultures in Portugal.<\/a><\/li>\n<li><a href=\"http:\/\/4vultures.org\/wp-content\/uploads\/2025\/09\/SpatialGuidelines-ProtectionCV-Windfarms.pdf\" target=\"_blank\" rel=\"noopener\">Spatial guidelines for safeguarding Cinereous Vulture colonies from wind farm expansion<\/a><\/li>\n<li>\n<div class=\"default-style\"><a href=\"http:\/\/4vultures.org\/wp-content\/uploads\/2025\/11\/EN-PostFire-EmergencyPlan-Douro-LIFE-Aegypius.pdf\" target=\"_blank\" rel=\"noopener\"><strong>Post Emergency plan and incident report &#8211; 2025 fires in Douro Internacional (English)<\/strong><\/a><\/div>\n<\/li>\n<li>\n<div class=\"default-style\"><a href=\"http:\/\/4vultures.org\/wp-content\/uploads\/2025\/11\/PT-Plano-emergencia-pos-incendio-PNDI-LIFE-Aegypius.pdf\" target=\"_blank\" rel=\"noopener\"><strong>Post Emergency plan and incident report &#8211; 2025 fires in Douro Internacional (Portuguese)\u00a0<\/strong><\/a><\/div>\n<\/li>\n<li><a href=\"http:\/\/4vultures.org\/wp-content\/uploads\/2026\/01\/DeliverableD3.3-SoftRelease-Movements-2025-1-1.pdf\" target=\"_blank\" rel=\"noopener\">Relat\u00f3rio anual sobre soft release e os movimentos dos abutres-pretos marcados. 2025 (em ingl\u00eas)<\/a><\/li>\n<\/ul>\n<h3 data-elementor-setting-key=\"infobox_title\" data-elementor-inline-editing-toolbar=\"basic\">Protocolos<\/h3>\n<ul>\n<li><a href=\"http:\/\/4vultures.org\/wp-content\/uploads\/2024\/01\/1.ProtocoloResgateTransporte.pdf\" target=\"_blank\" rel=\"noopener\">Resgate e transporte de abutres-pretos (em portugu\u00eas)\u00a0\u00a0<\/a><\/li>\n<li><a href=\"http:\/\/4vultures.org\/wp-content\/uploads\/2024\/01\/2.ProtocoloReabilitacaoLibertacao.pdf\" target=\"_blank\" rel=\"noopener\">Reabilita\u00e7\u00e3o e liberta\u00e7\u00e3o de abutres-pretos (em portugu\u00eas)\u00a0\u00a0<\/a><\/li>\n<li><a style=\"font-size: 16px\" href=\"http:\/\/4vultures.org\/wp-content\/uploads\/2024\/01\/ProtocoloMonitorizacaoAEGYPIUS-FINAL.pdf\">Monitoriza\u00e7\u00e3o da reprodu\u00e7\u00e3o do abutre-preto (em portugu\u00eas)<\/a><\/li>\n<li><a href=\"http:\/\/4vultures.org\/wp-content\/uploads\/2024\/07\/Protocol-for-collecting-bioligical-samples-from-Cinereous-Vultures-Portuguese.pdf\">Protocol for collecting biological samples from Cinereous Vultures (Portuguese)\u00a0\u00a0<\/a><\/li>\n<li><a href=\"http:\/\/4vultures.org\/wp-content\/uploads\/2024\/10\/3.1.Protocolo-RecolhaAmostras-GUIA-ILUSTRADO.pdf\">Protocol for collecting biological samples \u2013 Illustrated guide (Portuguese)<\/a><\/li>\n<li><a href=\"http:\/\/4vultures.org\/wp-content\/uploads\/2024\/07\/Protocol-for-managing-Cinereous-Vultures-in-acclimatization-for-soft-release-Portuguese.pdf\">Protocol for managing CV in acclimatization for soft release (Portuguese)<\/a><\/li>\n<\/ul>\n<h3 data-elementor-setting-key=\"infobox_title\" data-elementor-inline-editing-toolbar=\"basic\">Sensibiliza\u00e7\u00e3o e educa\u00e7\u00e3o<\/h3>\n<ul>\n<li><a href=\"http:\/\/4vultures.org\/wp-content\/uploads\/2024\/11\/Flyer-ENG-min.pdf\" target=\"_blank\" rel=\"noopener\">Flyer &#8211; English\u00a0<\/a><\/li>\n<li><a href=\"http:\/\/4vultures.org\/wp-content\/uploads\/2024\/11\/Flyer-POR-min.pdf\">Flyer &#8211; Portuguese<br \/>\n<\/a><\/li>\n<li><a href=\"http:\/\/4vultures.org\/wp-content\/uploads\/2024\/11\/Flyer-ESP-min.pdf\" target=\"_blank\" rel=\"noopener\">Flyer &#8211; Spanish<\/a><\/li>\n<li><a href=\"https:\/\/youtu.be\/-E2T1ofVPIs?si=I7TC-EUzr4faeBXe\" target=\"_blank\" rel=\"noopener\">Animation video: The return of a giant &#8211; English<\/a><\/li>\n<li><a href=\"https:\/\/youtu.be\/xYZcLbbZYaM?si=cfFGf8wRUMB2SeoB\" target=\"_blank\" rel=\"noopener\">Animation video: The return of a giant &#8211; Portuguese<\/a><\/li>\n<li><a href=\"https:\/\/youtu.be\/hOtcATSEB9Q?si=whuWbHWDX5js8zjR\" target=\"_blank\" rel=\"noopener\">Animation video: The return of a giant &#8211; Spanish<\/a><\/li>\n<li><a href=\"https:\/\/www.youtube.com\/watch?v=jpISPiHew6A&amp;ab_channel=VultureConservationFoundation\" target=\"_blank\" rel=\"noopener\">Animation video: Securing the Cinereous Vultures future in Portugal and Western Spain &#8211; English<\/a><\/li>\n<li><a href=\"https:\/\/youtu.be\/W8ox66jpUl8?si=ffRTo1jAvByO3PtM\" target=\"_blank\" rel=\"noopener\">Animation video: Securing the Cinereous Vultures future in Portugal and Western Spain &#8211; Portuguese<\/a><\/li>\n<li><a href=\"https:\/\/youtu.be\/GW9QzMffsLo?si=uPyjnNddfp7X_YC0\" target=\"_blank\" rel=\"noopener\">Animation video: Securing the Cinereous Vultures future in Portugal and Western Spain &#8211; Spanish<\/a><\/li>\n<\/ul>\n<h3>Saiba como estamos a consolidar a vulner\u00e1vel popula\u00e7\u00e3o de abutres-pretos em Portugal<\/h3>\n<p><a href=\"https:\/\/4vultures.org\/pt\/life-aegypius-return\/project\/actions\/\"><br \/>\nA\u00e7\u00f5es do projeto <\/a><\/p>\n<h3>Fique a par da evolu\u00e7\u00e3o e dos resultados das a\u00e7\u00f5es do nosso projeto<\/h3>\n<p><a href=\"https:\/\/4vultures.org\/pt\/life-aegypius-return\/project\/progress-and-results\/\"><br \/>\nProgresso e Resultados <\/a><\/p>","protected":false},"excerpt":{"rendered":"<p>Downloads and Deliverables Download and review deliverables like scientific reports and important resources relating to the project actions Downloads &amp; Deliverables The LIFE Aegypius Return team believes in transparency and sharing information with the public. We are committed to keeping our funders, collaborators and supporters informed about our actions and progress towards achieving our project [&hellip;]<\/p>\n","protected":false},"author":1,"featured_media":0,"parent":27781,"menu_order":0,"comment_status":"closed","ping_status":"closed","template":"","meta":{"_uag_custom_page_level_css":"","site-sidebar-layout":"no-sidebar","site-content-layout":"page-builder","ast-site-content-layout":"full-width-container","site-content-style":"unboxed","site-sidebar-style":"unboxed","ast-global-header-display":"","ast-banner-title-visibility":"","ast-main-header-display":"","ast-hfb-above-header-display":"","ast-hfb-below-header-display":"","ast-hfb-mobile-header-display":"","site-post-title":"disabled","ast-breadcrumbs-content":"","ast-featured-img":"disabled","footer-sml-layout":"","ast-disable-related-posts":"","theme-transparent-header-meta":"","adv-header-id-meta":"","stick-header-meta":"","header-above-stick-meta":"","header-main-stick-meta":"","header-below-stick-meta":"","astra-migrate-meta-layouts":"set","ast-page-background-enabled":"default","ast-page-background-meta":{"desktop":{"background-color":"","background-image":"","background-repeat":"repeat","background-position":"center center","background-size":"auto","background-attachment":"scroll","background-type":"","background-media":"","overlay-type":"","overlay-color":"","overlay-opacity":"","overlay-gradient":""},"tablet":{"background-color":"","background-image":"","background-repeat":"repeat","background-position":"center center","background-size":"auto","background-attachment":"scroll","background-type":"","background-media":"","overlay-type":"","overlay-color":"","overlay-opacity":"","overlay-gradient":""},"mobile":{"background-color":"","background-image":"","background-repeat":"repeat","background-position":"center center","background-size":"auto","background-attachment":"scroll","background-type":"","background-media":"","overlay-type":"","overlay-color":"","overlay-opacity":"","overlay-gradient":""}},"ast-content-background-meta":{"desktop":{"background-color":"var(--ast-global-color-5)","background-image":"","background-repeat":"repeat","background-position":"center center","background-size":"auto","background-attachment":"scroll","background-type":"","background-media":"","overlay-type":"","overlay-color":"","overlay-opacity":"","overlay-gradient":""},"tablet":{"background-color":"var(--ast-global-color-5)","background-image":"","background-repeat":"repeat","background-position":"center center","background-size":"auto","background-attachment":"scroll","background-type":"","background-media":"","overlay-type":"","overlay-color":"","overlay-opacity":"","overlay-gradient":""},"mobile":{"background-color":"var(--ast-global-color-5)","background-image":"","background-repeat":"repeat","background-position":"center center","background-size":"auto","background-attachment":"scroll","background-type":"","background-media":"","overlay-type":"","overlay-color":"","overlay-opacity":"","overlay-gradient":""}},"footnotes":""},"class_list":["post-27801","page","type-page","status-publish","hentry"],"yoast_head":"<!-- This site is optimized with the Yoast SEO plugin v27.2 - https:\/\/yoast.com\/product\/yoast-seo-wordpress\/ -->\n<title>Downloads &amp; Deliverables - Vulture Conservation Foundation<\/title>\n<meta name=\"robots\" content=\"index, follow, max-snippet:-1, max-image-preview:large, max-video-preview:-1\" \/>\n<link rel=\"canonical\" href=\"https:\/\/4vultures.org\/pt\/life-aegypius-return\/downloads-deliverables\/\" \/>\n<meta property=\"og:locale\" content=\"pt_PT\" \/>\n<meta property=\"og:type\" content=\"article\" \/>\n<meta property=\"og:title\" content=\"Downloads &amp; Deliverables - Vulture Conservation Foundation\" \/>\n<meta property=\"og:description\" content=\"Downloads and Deliverables Download and review deliverables like scientific reports and important resources relating to the project actions Downloads &amp; Deliverables The LIFE Aegypius Return team believes in transparency and sharing information with the public. We are committed to keeping our funders, collaborators and supporters informed about our actions and progress towards achieving our project [&hellip;]\" \/>\n<meta property=\"og:url\" content=\"https:\/\/4vultures.org\/pt\/life-aegypius-return\/downloads-deliverables\/\" \/>\n<meta property=\"og:site_name\" content=\"Vulture Conservation Foundation\" \/>\n<meta property=\"article:modified_time\" content=\"2026-01-08T19:22:01+00:00\" \/>\n<meta name=\"twitter:card\" content=\"summary_large_image\" \/>\n<meta name=\"twitter:label1\" content=\"Tempo estimado de leitura\" \/>\n\t<meta name=\"twitter:data1\" content=\"2 minutos\" \/>\n<script type=\"application\/ld+json\" class=\"yoast-schema-graph\">{\"@context\":\"https:\/\/schema.org\",\"@graph\":[{\"@type\":\"WebPage\",\"@id\":\"https:\/\/4vultures.org\/life-aegypius-return\/downloads-deliverables\/\",\"url\":\"https:\/\/4vultures.org\/life-aegypius-return\/downloads-deliverables\/\",\"name\":\"Downloads &amp; Deliverables - Vulture Conservation Foundation\",\"isPartOf\":{\"@id\":\"https:\/\/4vultures.org\/#website\"},\"datePublished\":\"2023-03-22T13:34:05+00:00\",\"dateModified\":\"2026-01-08T19:22:01+00:00\",\"breadcrumb\":{\"@id\":\"https:\/\/4vultures.org\/life-aegypius-return\/downloads-deliverables\/#breadcrumb\"},\"inLanguage\":\"pt-PT\",\"potentialAction\":[{\"@type\":\"ReadAction\",\"target\":[\"https:\/\/4vultures.org\/life-aegypius-return\/downloads-deliverables\/\"]}]},{\"@type\":\"BreadcrumbList\",\"@id\":\"https:\/\/4vultures.org\/life-aegypius-return\/downloads-deliverables\/#breadcrumb\",\"itemListElement\":[{\"@type\":\"ListItem\",\"position\":1,\"name\":\"Home\",\"item\":\"https:\/\/4vultures.org\/\"},{\"@type\":\"ListItem\",\"position\":2,\"name\":\"LIFE Aegypius Return\",\"item\":\"https:\/\/4vultures.org\/life-aegypius-return\/\"},{\"@type\":\"ListItem\",\"position\":3,\"name\":\"Downloads &amp; Deliverables\"}]},{\"@type\":\"WebSite\",\"@id\":\"https:\/\/4vultures.org\/#website\",\"url\":\"https:\/\/4vultures.org\/\",\"name\":\"Vulture Conservation Foundation\",\"description\":\"\",\"publisher\":{\"@id\":\"https:\/\/4vultures.org\/#organization\"},\"potentialAction\":[{\"@type\":\"SearchAction\",\"target\":{\"@type\":\"EntryPoint\",\"urlTemplate\":\"https:\/\/4vultures.org\/?s={search_term_string}\"},\"query-input\":{\"@type\":\"PropertyValueSpecification\",\"valueRequired\":true,\"valueName\":\"search_term_string\"}}],\"inLanguage\":\"pt-PT\"},{\"@type\":\"Organization\",\"@id\":\"https:\/\/4vultures.org\/#organization\",\"name\":\"Vulture Conservation Foundation\",\"url\":\"https:\/\/4vultures.org\/\",\"logo\":{\"@type\":\"ImageObject\",\"inLanguage\":\"pt-PT\",\"@id\":\"https:\/\/4vultures.org\/#\/schema\/logo\/image\/\",\"url\":\"https:\/\/4vultures.org\/wp-content\/uploads\/2021\/07\/logo.svg\",\"contentUrl\":\"https:\/\/4vultures.org\/wp-content\/uploads\/2021\/07\/logo.svg\",\"width\":522.503,\"height\":154.297,\"caption\":\"Vulture Conservation Foundation\"},\"image\":{\"@id\":\"https:\/\/4vultures.org\/#\/schema\/logo\/image\/\"}}]}<\/script>\n<!-- \/ Yoast SEO plugin. -->","yoast_head_json":{"title":"Downloads &amp; Deliverables - Vulture Conservation Foundation","robots":{"index":"index","follow":"follow","max-snippet":"max-snippet:-1","max-image-preview":"max-image-preview:large","max-video-preview":"max-video-preview:-1"},"canonical":"https:\/\/4vultures.org\/pt\/life-aegypius-return\/downloads-deliverables\/","og_locale":"pt_PT","og_type":"article","og_title":"Downloads &amp; Deliverables - Vulture Conservation Foundation","og_description":"Downloads and Deliverables Download and review deliverables like scientific reports and important resources relating to the project actions Downloads &amp; Deliverables The LIFE Aegypius Return team believes in transparency and sharing information with the public. We are committed to keeping our funders, collaborators and supporters informed about our actions and progress towards achieving our project [&hellip;]","og_url":"https:\/\/4vultures.org\/pt\/life-aegypius-return\/downloads-deliverables\/","og_site_name":"Vulture Conservation Foundation","article_modified_time":"2026-01-08T19:22:01+00:00","twitter_card":"summary_large_image","twitter_misc":{"Tempo estimado de leitura":"2 minutos"},"schema":{"@context":"https:\/\/schema.org","@graph":[{"@type":"WebPage","@id":"https:\/\/4vultures.org\/life-aegypius-return\/downloads-deliverables\/","url":"https:\/\/4vultures.org\/life-aegypius-return\/downloads-deliverables\/","name":"Downloads &amp; Deliverables - Vulture Conservation Foundation","isPartOf":{"@id":"https:\/\/4vultures.org\/#website"},"datePublished":"2023-03-22T13:34:05+00:00","dateModified":"2026-01-08T19:22:01+00:00","breadcrumb":{"@id":"https:\/\/4vultures.org\/life-aegypius-return\/downloads-deliverables\/#breadcrumb"},"inLanguage":"pt-PT","potentialAction":[{"@type":"ReadAction","target":["https:\/\/4vultures.org\/life-aegypius-return\/downloads-deliverables\/"]}]},{"@type":"BreadcrumbList","@id":"https:\/\/4vultures.org\/life-aegypius-return\/downloads-deliverables\/#breadcrumb","itemListElement":[{"@type":"ListItem","position":1,"name":"Home","item":"https:\/\/4vultures.org\/"},{"@type":"ListItem","position":2,"name":"LIFE Aegypius Return","item":"https:\/\/4vultures.org\/life-aegypius-return\/"},{"@type":"ListItem","position":3,"name":"Downloads &amp; Deliverables"}]},{"@type":"WebSite","@id":"https:\/\/4vultures.org\/#website","url":"https:\/\/4vultures.org\/","name":"Vulture Conservation Foundation","description":"","publisher":{"@id":"https:\/\/4vultures.org\/#organization"},"potentialAction":[{"@type":"SearchAction","target":{"@type":"EntryPoint","urlTemplate":"https:\/\/4vultures.org\/?s={search_term_string}"},"query-input":{"@type":"PropertyValueSpecification","valueRequired":true,"valueName":"search_term_string"}}],"inLanguage":"pt-PT"},{"@type":"Organization","@id":"https:\/\/4vultures.org\/#organization","name":"Vulture Conservation Foundation","url":"https:\/\/4vultures.org\/","logo":{"@type":"ImageObject","inLanguage":"pt-PT","@id":"https:\/\/4vultures.org\/#\/schema\/logo\/image\/","url":"https:\/\/4vultures.org\/wp-content\/uploads\/2021\/07\/logo.svg","contentUrl":"https:\/\/4vultures.org\/wp-content\/uploads\/2021\/07\/logo.svg","width":522.503,"height":154.297,"caption":"Vulture Conservation Foundation"},"image":{"@id":"https:\/\/4vultures.org\/#\/schema\/logo\/image\/"}}]}},"uagb_featured_image_src":{"full":false,"thumbnail":false,"medium":false,"medium_large":false,"large":false,"1536x1536":false,"2048x2048":false,"trp-custom-language-flag":false},"uagb_author_info":{"display_name":"lbadmin","author_link":"https:\/\/4vultures.org\/pt\/blog\/author\/lbadmin\/"},"uagb_comment_info":0,"uagb_excerpt":"Downloads and Deliverables Download and review deliverables like scientific reports and important resources relating to the project actions Downloads &amp; Deliverables The LIFE Aegypius Return team believes in transparency and sharing information with the public. We are committed to keeping our funders, collaborators and supporters informed about our actions and progress towards achieving our project&hellip;","_links":{"self":[{"href":"https:\/\/4vultures.org\/pt\/wp-json\/wp\/v2\/pages\/27801","targetHints":{"allow":["GET"]}}],"collection":[{"href":"https:\/\/4vultures.org\/pt\/wp-json\/wp\/v2\/pages"}],"about":[{"href":"https:\/\/4vultures.org\/pt\/wp-json\/wp\/v2\/types\/page"}],"author":[{"embeddable":true,"href":"https:\/\/4vultures.org\/pt\/wp-json\/wp\/v2\/users\/1"}],"replies":[{"embeddable":true,"href":"https:\/\/4vultures.org\/pt\/wp-json\/wp\/v2\/comments?post=27801"}],"version-history":[{"count":10,"href":"https:\/\/4vultures.org\/pt\/wp-json\/wp\/v2\/pages\/27801\/revisions"}],"predecessor-version":[{"id":41275,"href":"https:\/\/4vultures.org\/pt\/wp-json\/wp\/v2\/pages\/27801\/revisions\/41275"}],"up":[{"embeddable":true,"href":"https:\/\/4vultures.org\/pt\/wp-json\/wp\/v2\/pages\/27781"}],"wp:attachment":[{"href":"https:\/\/4vultures.org\/pt\/wp-json\/wp\/v2\/media?parent=27801"}],"curies":[{"name":"wp","href":"https:\/\/api.w.org\/{rel}","templated":true}]}}