{"id":37398,"date":"2024-06-05T15:42:51","date_gmt":"2024-06-05T12:42:51","guid":{"rendered":"https:\/\/4vultures.org\/?page_id=37398"},"modified":"2026-02-16T14:42:35","modified_gmt":"2026-02-16T12:42:35","slug":"joao-guilherme","status":"publish","type":"page","link":"https:\/\/4vultures.org\/pt\/about-us\/meet-the-team\/joao-guilherme\/","title":{"rendered":"JO\u00c3O GUILHERME"},"content":{"rendered":"<div data-elementor-type=\"wp-page\" data-elementor-id=\"37398\" class=\"elementor elementor-37398\" data-elementor-post-type=\"page\">\n\t\t\t\t\t\t<section class=\"elementor-section elementor-top-section elementor-element elementor-element-a767d4e elementor-section-height-min-height elementor-section-boxed elementor-section-height-default elementor-section-items-middle\" data-id=\"a767d4e\" data-element_type=\"section\" data-e-type=\"section\" data-settings=\"{&quot;background_background&quot;:&quot;classic&quot;}\">\n\t\t\t\t\t\t\t<div class=\"elementor-background-overlay\"><\/div>\n\t\t\t\t\t\t\t<div class=\"elementor-container elementor-column-gap-no\">\n\t\t\t\t\t<div class=\"elementor-column elementor-col-100 elementor-top-column elementor-element elementor-element-8890509\" data-id=\"8890509\" data-element_type=\"column\" data-e-type=\"column\">\n\t\t\t<div class=\"elementor-widget-wrap elementor-element-populated\">\n\t\t\t\t\t\t<div class=\"elementor-element elementor-element-86c2335 animated-slow elementor-invisible elementor-widget elementor-widget-heading\" data-id=\"86c2335\" data-element_type=\"widget\" data-e-type=\"widget\" data-settings=\"{&quot;_animation&quot;:&quot;fadeInDown&quot;}\" data-widget_type=\"heading.default\">\n\t\t\t\t<div class=\"elementor-widget-container\">\n\t\t\t\t\t<h1 class=\"elementor-heading-title elementor-size-default\">MEET THE TEAM<\/h1>\t\t\t\t<\/div>\n\t\t\t\t<\/div>\n\t\t\t\t<div class=\"elementor-element elementor-element-c068ad9 elementor-widget elementor-widget-heading\" data-id=\"c068ad9\" data-element_type=\"widget\" data-e-type=\"widget\" data-widget_type=\"heading.default\">\n\t\t\t\t<div class=\"elementor-widget-container\">\n\t\t\t\t\t<h4 class=\"elementor-heading-title elementor-size-default\">Who We Are<\/h4>\t\t\t\t<\/div>\n\t\t\t\t<\/div>\n\t\t\t\t<div class=\"elementor-element elementor-element-f4102b6 ee-breadcrumbs-align-center elementor-widget elementor-widget-ee-breadcrumbs\" data-id=\"f4102b6\" data-element_type=\"widget\" data-e-type=\"widget\" data-widget_type=\"ee-breadcrumbs.default\">\n\t\t\t\t<div class=\"elementor-widget-container\">\n\t\t\t\t\t<ul class=\"ee-breadcrumbs\" itemscope=\"\" itemtype=\"http:\/\/schema.org\/BreadcrumbList\"><\/ul>\t\t\t\t<\/div>\n\t\t\t\t<\/div>\n\t\t\t\t\t<\/div>\n\t\t<\/div>\n\t\t\t\t\t<\/div>\n\t\t<\/section>\n\t\t\t\t<section class=\"elementor-section elementor-top-section elementor-element elementor-element-41f45de elementor-section-boxed elementor-section-height-default elementor-section-height-default\" data-id=\"41f45de\" data-element_type=\"section\" data-e-type=\"section\">\n\t\t\t\t\t\t<div class=\"elementor-container elementor-column-gap-default\">\n\t\t\t\t\t<div class=\"elementor-column elementor-col-100 elementor-top-column elementor-element elementor-element-6c6768e\" data-id=\"6c6768e\" data-element_type=\"column\" data-e-type=\"column\">\n\t\t\t<div class=\"elementor-widget-wrap elementor-element-populated\">\n\t\t\t\t\t\t<div class=\"elementor-element elementor-element-aad11ea elementor-widget elementor-widget-spacer\" data-id=\"aad11ea\" data-element_type=\"widget\" data-e-type=\"widget\" data-widget_type=\"spacer.default\">\n\t\t\t\t<div class=\"elementor-widget-container\">\n\t\t\t\t\t\t\t<div class=\"elementor-spacer\">\n\t\t\t<div class=\"elementor-spacer-inner\"><\/div>\n\t\t<\/div>\n\t\t\t\t\t\t<\/div>\n\t\t\t\t<\/div>\n\t\t\t\t\t<\/div>\n\t\t<\/div>\n\t\t\t\t\t<\/div>\n\t\t<\/section>\n\t\t\t\t<section class=\"elementor-section elementor-top-section elementor-element elementor-element-09cbbe8 elementor-section-boxed elementor-section-height-default elementor-section-height-default\" data-id=\"09cbbe8\" data-element_type=\"section\" data-e-type=\"section\">\n\t\t\t\t\t\t<div class=\"elementor-container elementor-column-gap-default\">\n\t\t\t\t\t<div class=\"elementor-column elementor-col-100 elementor-top-column elementor-element elementor-element-a089fd5\" data-id=\"a089fd5\" data-element_type=\"column\" data-e-type=\"column\">\n\t\t\t<div class=\"elementor-widget-wrap elementor-element-populated\">\n\t\t\t\t\t\t<div class=\"elementor-element elementor-element-2af5350 elementor-position-left elementor-vertical-align-top elementor-widget elementor-widget-image-box\" data-id=\"2af5350\" data-element_type=\"widget\" data-e-type=\"widget\" data-widget_type=\"image-box.default\">\n\t\t\t\t<div class=\"elementor-widget-container\">\n\t\t\t\t\t<div class=\"elementor-image-box-wrapper\"><figure class=\"elementor-image-box-img\"><img fetchpriority=\"high\" decoding=\"async\" width=\"540\" height=\"540\" src=\"https:\/\/4vultures.org\/wp-content\/uploads\/2024\/06\/JOAO-GUILHERME.png\" class=\"elementor-animation-float attachment-full size-full wp-image-37401\" alt=\"JO\u00c3O GUILHERME\" srcset=\"https:\/\/4vultures.org\/wp-content\/uploads\/2024\/06\/JOAO-GUILHERME.png 540w, https:\/\/4vultures.org\/wp-content\/uploads\/2024\/06\/JOAO-GUILHERME-300x300.png 300w, https:\/\/4vultures.org\/wp-content\/uploads\/2024\/06\/JOAO-GUILHERME-150x150.png 150w, https:\/\/4vultures.org\/wp-content\/uploads\/2024\/06\/JOAO-GUILHERME-12x12.png 12w\" sizes=\"(max-width: 540px) 100vw, 540px\" \/><\/figure><div class=\"elementor-image-box-content\"><h4 class=\"elementor-image-box-title\">JO\u00c3O GUILHERME<\/h4><p class=\"elementor-image-box-description\"><i>\n\nScience &amp; Monitoring Manager\n<\/i>\n\n<br><br>\n\n \nJo\u00e3o Guilherme is a Portuguese Conservation Biologist with a keen interest in birds, their behaviour, grand migrations, and their relationship with people. He studied Conservation Biology in the University of Lisbon. He got his PhD from the University of Montpellier (in France, where he is now based), having mapped areas of importance for the conservation of migratory landbirds, raptors and storks along the African-Eurasian flyway. <br><br>\nHe has extensive experience in ornithology, developed since his teens and honed through volunteering and professional experience in a diverse portfolio of applied research and conservation projects in Europe, Africa and Central Asia. <br><br>\nJo\u00e3o is motivated by the urgency of finding effective solutions for a positive change toward the conservation our natural heritage. As Research Officer at the VCF, he hopes his work will help raise public awareness and inform effective vulture conservation in Europe and beyond.<\/p><\/div><\/div>\t\t\t\t<\/div>\n\t\t\t\t<\/div>\n\t\t\t\t<div class=\"elementor-element elementor-element-3d04c6b elementor-widget elementor-widget-spacer\" data-id=\"3d04c6b\" data-element_type=\"widget\" data-e-type=\"widget\" data-widget_type=\"spacer.default\">\n\t\t\t\t<div class=\"elementor-widget-container\">\n\t\t\t\t\t\t\t<div class=\"elementor-spacer\">\n\t\t\t<div class=\"elementor-spacer-inner\"><\/div>\n\t\t<\/div>\n\t\t\t\t\t\t<\/div>\n\t\t\t\t<\/div>\n\t\t\t\t\t<\/div>\n\t\t<\/div>\n\t\t\t\t\t<\/div>\n\t\t<\/section>\n\t\t\t\t<\/div>","protected":false},"excerpt":{"rendered":"<p>MEET THE TEAM Who We Are JO\u00c3O GUILHERME Science &amp; Monitoring Manager Jo\u00e3o Guilherme is a Portuguese Conservation Biologist with a keen interest in birds, their behaviour, grand migrations, and their relationship with people. He studied Conservation Biology in the University of Lisbon. He got his PhD from the University of Montpellier (in France, where [&hellip;]<\/p>\n","protected":false},"author":2,"featured_media":0,"parent":2310,"menu_order":0,"comment_status":"closed","ping_status":"closed","template":"","meta":{"_uag_custom_page_level_css":"","site-sidebar-layout":"no-sidebar","site-content-layout":"page-builder","ast-site-content-layout":"full-width-container","site-content-style":"default","site-sidebar-style":"default","ast-global-header-display":"","ast-banner-title-visibility":"","ast-main-header-display":"","ast-hfb-above-header-display":"","ast-hfb-below-header-display":"","ast-hfb-mobile-header-display":"","site-post-title":"disabled","ast-breadcrumbs-content":"","ast-featured-img":"disabled","footer-sml-layout":"","ast-disable-related-posts":"","theme-transparent-header-meta":"","adv-header-id-meta":"","stick-header-meta":"","header-above-stick-meta":"","header-main-stick-meta":"","header-below-stick-meta":"","astra-migrate-meta-layouts":"set","ast-page-background-enabled":"default","ast-page-background-meta":{"desktop":{"background-color":"","background-image":"","background-repeat":"repeat","background-position":"center center","background-size":"auto","background-attachment":"scroll","background-type":"","background-media":"","overlay-type":"","overlay-color":"","overlay-opacity":"","overlay-gradient":""},"tablet":{"background-color":"","background-image":"","background-repeat":"repeat","background-position":"center center","background-size":"auto","background-attachment":"scroll","background-type":"","background-media":"","overlay-type":"","overlay-color":"","overlay-opacity":"","overlay-gradient":""},"mobile":{"background-color":"","background-image":"","background-repeat":"repeat","background-position":"center center","background-size":"auto","background-attachment":"scroll","background-type":"","background-media":"","overlay-type":"","overlay-color":"","overlay-opacity":"","overlay-gradient":""}},"ast-content-background-meta":{"desktop":{"background-color":"var(--ast-global-color-5)","background-image":"","background-repeat":"repeat","background-position":"center center","background-size":"auto","background-attachment":"scroll","background-type":"","background-media":"","overlay-type":"","overlay-color":"","overlay-opacity":"","overlay-gradient":""},"tablet":{"background-color":"var(--ast-global-color-5)","background-image":"","background-repeat":"repeat","background-position":"center center","background-size":"auto","background-attachment":"scroll","background-type":"","background-media":"","overlay-type":"","overlay-color":"","overlay-opacity":"","overlay-gradient":""},"mobile":{"background-color":"var(--ast-global-color-5)","background-image":"","background-repeat":"repeat","background-position":"center center","background-size":"auto","background-attachment":"scroll","background-type":"","background-media":"","overlay-type":"","overlay-color":"","overlay-opacity":"","overlay-gradient":""}},"footnotes":""},"class_list":["post-37398","page","type-page","status-publish","hentry"],"yoast_head":"<!-- This site is optimized with the Yoast SEO plugin v27.2 - https:\/\/yoast.com\/product\/yoast-seo-wordpress\/ -->\n<title>JO\u00c3O GUILHERME - Vulture Conservation Foundation<\/title>\n<meta name=\"robots\" content=\"index, follow, max-snippet:-1, max-image-preview:large, max-video-preview:-1\" \/>\n<link rel=\"canonical\" href=\"https:\/\/4vultures.org\/pt\/about-us\/meet-the-team\/joao-guilherme\/\" \/>\n<meta property=\"og:locale\" content=\"pt_PT\" \/>\n<meta property=\"og:type\" content=\"article\" \/>\n<meta property=\"og:title\" content=\"JO\u00c3O GUILHERME - Vulture Conservation Foundation\" \/>\n<meta property=\"og:description\" content=\"MEET THE TEAM Who We Are JO\u00c3O GUILHERME Science &amp; Monitoring Manager Jo\u00e3o Guilherme is a Portuguese Conservation Biologist with a keen interest in birds, their behaviour, grand migrations, and their relationship with people. He studied Conservation Biology in the University of Lisbon. He got his PhD from the University of Montpellier (in France, where [&hellip;]\" \/>\n<meta property=\"og:url\" content=\"https:\/\/4vultures.org\/pt\/about-us\/meet-the-team\/joao-guilherme\/\" \/>\n<meta property=\"og:site_name\" content=\"Vulture Conservation Foundation\" \/>\n<meta property=\"article:modified_time\" content=\"2026-02-16T12:42:35+00:00\" \/>\n<meta property=\"og:image\" content=\"http:\/\/4vultures.org\/wp-content\/uploads\/2024\/06\/JOAO-GUILHERME.png\" \/>\n<meta name=\"twitter:card\" content=\"summary_large_image\" \/>\n<meta name=\"twitter:label1\" content=\"Tempo estimado de leitura\" \/>\n\t<meta name=\"twitter:data1\" content=\"1 minuto\" \/>\n<script type=\"application\/ld+json\" class=\"yoast-schema-graph\">{\"@context\":\"https:\/\/schema.org\",\"@graph\":[{\"@type\":\"WebPage\",\"@id\":\"https:\/\/4vultures.org\/about-us\/meet-the-team\/joao-guilherme\/\",\"url\":\"https:\/\/4vultures.org\/about-us\/meet-the-team\/joao-guilherme\/\",\"name\":\"JO\u00c3O GUILHERME - Vulture Conservation Foundation\",\"isPartOf\":{\"@id\":\"https:\/\/4vultures.org\/#website\"},\"primaryImageOfPage\":{\"@id\":\"https:\/\/4vultures.org\/about-us\/meet-the-team\/joao-guilherme\/#primaryimage\"},\"image\":{\"@id\":\"https:\/\/4vultures.org\/about-us\/meet-the-team\/joao-guilherme\/#primaryimage\"},\"thumbnailUrl\":\"http:\/\/4vultures.org\/wp-content\/uploads\/2024\/06\/JOAO-GUILHERME.png\",\"datePublished\":\"2024-06-05T12:42:51+00:00\",\"dateModified\":\"2026-02-16T12:42:35+00:00\",\"breadcrumb\":{\"@id\":\"https:\/\/4vultures.org\/about-us\/meet-the-team\/joao-guilherme\/#breadcrumb\"},\"inLanguage\":\"pt-PT\",\"potentialAction\":[{\"@type\":\"ReadAction\",\"target\":[\"https:\/\/4vultures.org\/about-us\/meet-the-team\/joao-guilherme\/\"]}]},{\"@type\":\"ImageObject\",\"inLanguage\":\"pt-PT\",\"@id\":\"https:\/\/4vultures.org\/about-us\/meet-the-team\/joao-guilherme\/#primaryimage\",\"url\":\"http:\/\/4vultures.org\/wp-content\/uploads\/2024\/06\/JOAO-GUILHERME.png\",\"contentUrl\":\"http:\/\/4vultures.org\/wp-content\/uploads\/2024\/06\/JOAO-GUILHERME.png\"},{\"@type\":\"BreadcrumbList\",\"@id\":\"https:\/\/4vultures.org\/about-us\/meet-the-team\/joao-guilherme\/#breadcrumb\",\"itemListElement\":[{\"@type\":\"ListItem\",\"position\":1,\"name\":\"Home\",\"item\":\"https:\/\/4vultures.org\/\"},{\"@type\":\"ListItem\",\"position\":2,\"name\":\"About us\",\"item\":\"https:\/\/4vultures.org\/about-us\/\"},{\"@type\":\"ListItem\",\"position\":3,\"name\":\"Meet the Team\",\"item\":\"https:\/\/4vultures.org\/about-us\/meet-the-team\/\"},{\"@type\":\"ListItem\",\"position\":4,\"name\":\"JO\u00c3O GUILHERME\"}]},{\"@type\":\"WebSite\",\"@id\":\"https:\/\/4vultures.org\/#website\",\"url\":\"https:\/\/4vultures.org\/\",\"name\":\"Vulture Conservation Foundation\",\"description\":\"\",\"publisher\":{\"@id\":\"https:\/\/4vultures.org\/#organization\"},\"potentialAction\":[{\"@type\":\"SearchAction\",\"target\":{\"@type\":\"EntryPoint\",\"urlTemplate\":\"https:\/\/4vultures.org\/?s={search_term_string}\"},\"query-input\":{\"@type\":\"PropertyValueSpecification\",\"valueRequired\":true,\"valueName\":\"search_term_string\"}}],\"inLanguage\":\"pt-PT\"},{\"@type\":\"Organization\",\"@id\":\"https:\/\/4vultures.org\/#organization\",\"name\":\"Vulture Conservation Foundation\",\"url\":\"https:\/\/4vultures.org\/\",\"logo\":{\"@type\":\"ImageObject\",\"inLanguage\":\"pt-PT\",\"@id\":\"https:\/\/4vultures.org\/#\/schema\/logo\/image\/\",\"url\":\"https:\/\/4vultures.org\/wp-content\/uploads\/2021\/07\/logo.svg\",\"contentUrl\":\"https:\/\/4vultures.org\/wp-content\/uploads\/2021\/07\/logo.svg\",\"width\":522.503,\"height\":154.297,\"caption\":\"Vulture Conservation Foundation\"},\"image\":{\"@id\":\"https:\/\/4vultures.org\/#\/schema\/logo\/image\/\"}}]}<\/script>\n<!-- \/ Yoast SEO plugin. -->","yoast_head_json":{"title":"JO\u00c3O GUILHERME - Vulture Conservation Foundation","robots":{"index":"index","follow":"follow","max-snippet":"max-snippet:-1","max-image-preview":"max-image-preview:large","max-video-preview":"max-video-preview:-1"},"canonical":"https:\/\/4vultures.org\/pt\/about-us\/meet-the-team\/joao-guilherme\/","og_locale":"pt_PT","og_type":"article","og_title":"JO\u00c3O GUILHERME - Vulture Conservation Foundation","og_description":"MEET THE TEAM Who We Are JO\u00c3O GUILHERME Science &amp; Monitoring Manager Jo\u00e3o Guilherme is a Portuguese Conservation Biologist with a keen interest in birds, their behaviour, grand migrations, and their relationship with people. He studied Conservation Biology in the University of Lisbon. He got his PhD from the University of Montpellier (in France, where [&hellip;]","og_url":"https:\/\/4vultures.org\/pt\/about-us\/meet-the-team\/joao-guilherme\/","og_site_name":"Vulture Conservation Foundation","article_modified_time":"2026-02-16T12:42:35+00:00","og_image":[{"url":"http:\/\/4vultures.org\/wp-content\/uploads\/2024\/06\/JOAO-GUILHERME.png","type":"","width":"","height":""}],"twitter_card":"summary_large_image","twitter_misc":{"Tempo estimado de leitura":"1 minuto"},"schema":{"@context":"https:\/\/schema.org","@graph":[{"@type":"WebPage","@id":"https:\/\/4vultures.org\/about-us\/meet-the-team\/joao-guilherme\/","url":"https:\/\/4vultures.org\/about-us\/meet-the-team\/joao-guilherme\/","name":"JO\u00c3O GUILHERME - Vulture Conservation Foundation","isPartOf":{"@id":"https:\/\/4vultures.org\/#website"},"primaryImageOfPage":{"@id":"https:\/\/4vultures.org\/about-us\/meet-the-team\/joao-guilherme\/#primaryimage"},"image":{"@id":"https:\/\/4vultures.org\/about-us\/meet-the-team\/joao-guilherme\/#primaryimage"},"thumbnailUrl":"http:\/\/4vultures.org\/wp-content\/uploads\/2024\/06\/JOAO-GUILHERME.png","datePublished":"2024-06-05T12:42:51+00:00","dateModified":"2026-02-16T12:42:35+00:00","breadcrumb":{"@id":"https:\/\/4vultures.org\/about-us\/meet-the-team\/joao-guilherme\/#breadcrumb"},"inLanguage":"pt-PT","potentialAction":[{"@type":"ReadAction","target":["https:\/\/4vultures.org\/about-us\/meet-the-team\/joao-guilherme\/"]}]},{"@type":"ImageObject","inLanguage":"pt-PT","@id":"https:\/\/4vultures.org\/about-us\/meet-the-team\/joao-guilherme\/#primaryimage","url":"http:\/\/4vultures.org\/wp-content\/uploads\/2024\/06\/JOAO-GUILHERME.png","contentUrl":"http:\/\/4vultures.org\/wp-content\/uploads\/2024\/06\/JOAO-GUILHERME.png"},{"@type":"BreadcrumbList","@id":"https:\/\/4vultures.org\/about-us\/meet-the-team\/joao-guilherme\/#breadcrumb","itemListElement":[{"@type":"ListItem","position":1,"name":"Home","item":"https:\/\/4vultures.org\/"},{"@type":"ListItem","position":2,"name":"About us","item":"https:\/\/4vultures.org\/about-us\/"},{"@type":"ListItem","position":3,"name":"Meet the Team","item":"https:\/\/4vultures.org\/about-us\/meet-the-team\/"},{"@type":"ListItem","position":4,"name":"JO\u00c3O GUILHERME"}]},{"@type":"WebSite","@id":"https:\/\/4vultures.org\/#website","url":"https:\/\/4vultures.org\/","name":"Vulture Conservation Foundation","description":"","publisher":{"@id":"https:\/\/4vultures.org\/#organization"},"potentialAction":[{"@type":"SearchAction","target":{"@type":"EntryPoint","urlTemplate":"https:\/\/4vultures.org\/?s={search_term_string}"},"query-input":{"@type":"PropertyValueSpecification","valueRequired":true,"valueName":"search_term_string"}}],"inLanguage":"pt-PT"},{"@type":"Organization","@id":"https:\/\/4vultures.org\/#organization","name":"Vulture Conservation Foundation","url":"https:\/\/4vultures.org\/","logo":{"@type":"ImageObject","inLanguage":"pt-PT","@id":"https:\/\/4vultures.org\/#\/schema\/logo\/image\/","url":"https:\/\/4vultures.org\/wp-content\/uploads\/2021\/07\/logo.svg","contentUrl":"https:\/\/4vultures.org\/wp-content\/uploads\/2021\/07\/logo.svg","width":522.503,"height":154.297,"caption":"Vulture Conservation Foundation"},"image":{"@id":"https:\/\/4vultures.org\/#\/schema\/logo\/image\/"}}]}},"uagb_featured_image_src":{"full":false,"thumbnail":false,"medium":false,"medium_large":false,"large":false,"1536x1536":false,"2048x2048":false,"trp-custom-language-flag":false},"uagb_author_info":{"display_name":"Eleni Karatzia","author_link":"https:\/\/4vultures.org\/pt\/blog\/author\/elenikaratzia\/"},"uagb_comment_info":0,"uagb_excerpt":"MEET THE TEAM Who We Are JO\u00c3O GUILHERME Science &amp; Monitoring Manager Jo\u00e3o Guilherme is a Portuguese Conservation Biologist with a keen interest in birds, their behaviour, grand migrations, and their relationship with people. He studied Conservation Biology in the University of Lisbon. He got his PhD from the University of Montpellier (in France, where&hellip;","_links":{"self":[{"href":"https:\/\/4vultures.org\/pt\/wp-json\/wp\/v2\/pages\/37398","targetHints":{"allow":["GET"]}}],"collection":[{"href":"https:\/\/4vultures.org\/pt\/wp-json\/wp\/v2\/pages"}],"about":[{"href":"https:\/\/4vultures.org\/pt\/wp-json\/wp\/v2\/types\/page"}],"author":[{"embeddable":true,"href":"https:\/\/4vultures.org\/pt\/wp-json\/wp\/v2\/users\/2"}],"replies":[{"embeddable":true,"href":"https:\/\/4vultures.org\/pt\/wp-json\/wp\/v2\/comments?post=37398"}],"version-history":[{"count":8,"href":"https:\/\/4vultures.org\/pt\/wp-json\/wp\/v2\/pages\/37398\/revisions"}],"predecessor-version":[{"id":41643,"href":"https:\/\/4vultures.org\/pt\/wp-json\/wp\/v2\/pages\/37398\/revisions\/41643"}],"up":[{"embeddable":true,"href":"https:\/\/4vultures.org\/pt\/wp-json\/wp\/v2\/pages\/2310"}],"wp:attachment":[{"href":"https:\/\/4vultures.org\/pt\/wp-json\/wp\/v2\/media?parent=37398"}],"curies":[{"name":"wp","href":"https:\/\/api.w.org\/{rel}","templated":true}]}}